{"id":18,"date":"2025-04-20T15:19:46","date_gmt":"2025-04-20T15:19:46","guid":{"rendered":"https:\/\/hexatetra.com\/?page_id=18"},"modified":"2025-11-22T22:56:28","modified_gmt":"2025-11-22T22:56:28","slug":"terms-of-use","status":"publish","type":"page","link":"https:\/\/hexatetra.com\/de\/terms-of-use\/","title":{"rendered":"Nutzungsbedingungen"},"content":{"rendered":"Nutzungsbedingungen\n\n\n<p><strong>Inkrafttreten:<\/strong> 20. April 2025<\/p>\n\n\n\n<p>Vielen Dank, dass Sie <strong>HexaTetra<\/strong> (die &#8222;App&#8220;) spielen. Diese Nutzungsbedingungen (&#8222;Bedingungen&#8220;) regeln Ihren Zugang zu und die Nutzung der App, die vom <strong>HexaTetra<\/strong>-Team (&#8222;wir&#8220;) bereitgestellt wird.<\/p>\n\n\n\n<p>Durch die Nutzung dieser App stimmen Sie diesen Bedingungen zu. Wenn Sie nicht einverstanden sind, verwenden Sie die App bitte nicht.<\/p>\n\n\n\n<hr class=\"wp-block-separator has-alpha-channel-opacity\"\/>\n\n\n\n<h3 class=\"wp-block-heading\">1. Nutzung der App<\/h3>\n\n\n\n<ul class=\"wp-block-list\">\n<li>Die App ist nur f\u00fcr die pers\u00f6nliche, nicht kommerzielle Nutzung bestimmt.<\/li>\n\n\n\n<li>Sie verpflichten sich, die App nicht zu missbrauchen oder auf unbefugte Weise auf sie zuzugreifen.<\/li>\n<\/ul>\n\n\n\n<hr class=\"wp-block-separator has-alpha-channel-opacity\"\/>\n\n\n\n<h3 class=\"wp-block-heading\">2. In-App-K\u00e4ufe<\/h3>\n\n\n\n<ul class=\"wp-block-list\">\n<li>Die App bietet einen optionalen In-App-Kauf: <strong>&#8222;Werbung entfernen&#8220;<\/strong>.<\/li>\n\n\n\n<li>Dieser Kauf ist eine <strong>einmalige Zahlung<\/strong>, die Werbung dauerhaft aus Ihrem Spielerlebnis entfernt.<\/li>\n\n\n\n<li>Zahlungen werden \u00fcber den App Store abgewickelt und unterliegen dessen Gesch\u00e4ftsbedingungen.<\/li>\n\n\n\n<li>Wir erheben oder speichern keine Zahlungsinformationen.<\/li>\n<\/ul>\n\n\n\n<hr class=\"wp-block-separator has-alpha-channel-opacity\"\/>\n\n\n\n<h3 class=\"wp-block-heading\">3. Geistiges Eigentum<\/h3>\n\n\n\n<ul class=\"wp-block-list\">\n<li>Alle Grafiken, Codes und Inhalte in der App sind Eigentum von Hexatetra.<\/li>\n\n\n\n<li>Sie d\u00fcrfen keinen Teil der App kopieren, modifizieren, verteilen oder reverse-engineern.<\/li>\n<\/ul>\n\n\n\n<hr class=\"wp-block-separator has-alpha-channel-opacity\"\/>\n\n\n\n<h3 class=\"wp-block-heading\">4. Nutzerdaten<\/h3>\n\n\n\n<ul class=\"wp-block-list\">\n<li>Wir erheben keine personenbezogenen Daten.<\/li>\n\n\n\n<li>Weitere Informationen finden Sie in unserer <a href=\"https:\/\/hexatetra.com\/?page_id=3\">Datenschutzrichtlinie<\/a>.<\/li>\n<\/ul>\n\n\n\n<hr class=\"wp-block-separator has-alpha-channel-opacity\"\/>\n\n\n\n<h3 class=\"wp-block-heading\">5. Haftungsausschluss<\/h3>\n\n\n\n<ul class=\"wp-block-list\">\n<li>Die App wird &#8222;wie besehen&#8220; ohne Gew\u00e4hrleistung jeglicher Art bereitgestellt.<\/li>\n\n\n\n<li>Wir sind nicht verantwortlich f\u00fcr Probleme, Sch\u00e4den oder Verluste, die sich aus der Nutzung der App ergeben.<\/li>\n<\/ul>\n\n\n\n<hr class=\"wp-block-separator has-alpha-channel-opacity\"\/>\n\n\n\n<h3 class=\"wp-block-heading\">6. \u00c4nderungen dieser Bedingungen<\/h3>\n\n\n\n<ul class=\"wp-block-list\">\n<li>Wir k\u00f6nnen diese Bedingungen von Zeit zu Zeit aktualisieren. Die weitere Nutzung der App nach \u00c4nderungen bedeutet, dass Sie die \u00fcberarbeiteten Bedingungen akzeptieren.<\/li>\n<\/ul>\n","protected":false},"excerpt":{"rendered":"<p>Nutzungsbedingungen Inkrafttreten: 20. April 2025 Vielen Dank, dass Sie HexaTetra (die &#8222;App&#8220;) spielen. Diese Nutzungsbedingungen (&#8222;Bedingungen&#8220;) regeln Ihren Zugang zu und die Nutzung der App, die vom HexaTetra-Team (&#8222;wir&#8220;) bereitgestellt wird. Durch die Nutzung dieser App stimmen Sie diesen Bedingungen zu. Wenn Sie nicht einverstanden sind, verwenden Sie die App bitte nicht. 1. Nutzung der &hellip; <\/p>\n<p class=\"link-more\"><a href=\"https:\/\/hexatetra.com\/de\/terms-of-use\/\" class=\"more-link\"><span class=\"screen-reader-text\">\u201eNutzungsbedingungen\u201c<\/span> weiterlesen<\/a><\/p>\n","protected":false},"author":1,"featured_media":0,"parent":0,"menu_order":0,"comment_status":"closed","ping_status":"closed","template":"","meta":{"slim_seo":{"title":"{:en}Terms of use{:}{:es}T\u00e9rminos de Uso{:}{:de}Nutzungsbedingungen{:}{:fr}Conditions d'utilisation{:}{:ru}\u0423\u0441\u043b\u043e\u0432\u0438\u044f \u0438\u0441\u043f\u043e\u043b\u044c\u0437\u043e\u0432\u0430\u043d\u0438\u044f{:}{:ja}\u5229\u7528\u898f\u7d04{:}{:ko}\uc774\uc6a9 \uc57d\uad00{:}{:it}Termini di Utilizzo{:}{:pt}Termos de Utiliza\u00e7\u00e3o{:}{:br}Termos de Uso{:}{:zh}\u4f7f\u7528\u6761\u6b3e{:} - HexaTetra","description":"{:en} Effective Date: 2025-04-20 Thank you for playing HexaTetra (the \u201cApp\u201d). These Terms of Use (\u201cTerms\u201d) govern your access to and use of the App provided by"},"footnotes":""},"class_list":["post-18","page","type-page","status-publish","hentry"],"translation":{"provider":"WPGlobus","version":"3.0.2","language":"de","enabled_languages":["en","es","de","fr","ru","ja","ko","it","pt","br","zh"],"languages":{"en":{"title":true,"content":true,"excerpt":false},"es":{"title":true,"content":true,"excerpt":false},"de":{"title":true,"content":true,"excerpt":false},"fr":{"title":true,"content":true,"excerpt":false},"ru":{"title":true,"content":true,"excerpt":false},"ja":{"title":true,"content":true,"excerpt":false},"ko":{"title":true,"content":true,"excerpt":false},"it":{"title":true,"content":true,"excerpt":false},"pt":{"title":true,"content":true,"excerpt":false},"br":{"title":true,"content":true,"excerpt":false},"zh":{"title":true,"content":true,"excerpt":false}}},"brizy_media":[],"_links":{"self":[{"href":"https:\/\/hexatetra.com\/de\/wp-json\/wp\/v2\/pages\/18","targetHints":{"allow":["GET"]}}],"collection":[{"href":"https:\/\/hexatetra.com\/de\/wp-json\/wp\/v2\/pages"}],"about":[{"href":"https:\/\/hexatetra.com\/de\/wp-json\/wp\/v2\/types\/page"}],"author":[{"embeddable":true,"href":"https:\/\/hexatetra.com\/de\/wp-json\/wp\/v2\/users\/1"}],"replies":[{"embeddable":true,"href":"https:\/\/hexatetra.com\/de\/wp-json\/wp\/v2\/comments?post=18"}],"version-history":[{"count":5,"href":"https:\/\/hexatetra.com\/de\/wp-json\/wp\/v2\/pages\/18\/revisions"}],"predecessor-version":[{"id":150,"href":"https:\/\/hexatetra.com\/de\/wp-json\/wp\/v2\/pages\/18\/revisions\/150"}],"wp:attachment":[{"href":"https:\/\/hexatetra.com\/de\/wp-json\/wp\/v2\/media?parent=18"}],"curies":[{"name":"wp","href":"https:\/\/api.w.org\/{rel}","templated":true}]}}