{"id":2,"date":"2025-04-20T14:18:42","date_gmt":"2025-04-20T14:18:42","guid":{"rendered":"https:\/\/hexatetra.com\/?page_id=2"},"modified":"2025-10-22T10:00:07","modified_gmt":"2025-10-22T10:00:07","slug":"sample-page","status":"publish","type":"page","link":"https:\/\/hexatetra.com\/de\/","title":{"rendered":"HexaTetra"},"content":{"rendered":"\n<p>\u00dcber HexaTetra<\/p>\n\n\n\n<p><strong>HexaTetra<\/strong> ist eine moderne Variante des klassischen Blockspiel-Formats \u2013 allerdings mit einem <strong>hexagonalen<\/strong> Dreh.<\/p>\n\n\n\n<p>Statt der \u00fcblichen quadratischen Bl\u00f6cke fordert HexaTetra dich mit <strong>hexagonalen Bl\u00f6cken<\/strong> heraus, die in aufregenden neuen Mustern fallen. Es ist vertraut und intuitiv, aber gleichzeitig erfrischend anders. Das einzigartige Brettlayout und die Blockformen f\u00fcgen jedem Zug eine neue Ebene von Strategie und Kreativit\u00e4t hinzu.<\/p>\n\n\n\n<h3 class=\"wp-block-heading\">Funktionen:<\/h3>\n\n\n\n<ul class=\"wp-block-list\">\n<li>Neue Interpretation des klassischen Blockspiels<\/li>\n\n\n\n<li>Sch\u00f6nes, minimalistisches Design mit fl\u00fcssigen Animationen<\/li>\n\n\n\n<li>Einfach zu lernen, schwer zu meistern<\/li>\n\n\n\n<li><strong>Werbefreies Erlebnis mit einmaligem Kauf verf\u00fcgbar<\/strong><\/li>\n<\/ul>\n\n\n\n<p>Egal, ob du dich mit einem entspannten Puzzle entspannen oder dein Gehirn mit cleveren Platzierungen herausfordern m\u00f6chtest, <strong>HexaTetra<\/strong> ist das perfekte Spiel f\u00fcr alle Altersgruppen und jederzeit zum Mitspielen geeignet.<\/p>\n\n\n\n<p><\/p>\n\n\n\n<p>Bei Fragen oder Problemen kontaktiere uns gerne unter support@hexatetra.com<\/p>\n\n\n<div class=\"brz-root__container\"><\/div>\n\n\n<figure class=\"wp-block-video\"><video height=\"1920\" style=\"aspect-ratio: 886 \/ 1920;\" width=\"886\" autoplay loop muted preload=\"auto\" src=\"https:\/\/hexatetra.com\/wp-content\/uploads\/2025\/10\/output_final.mp4\"><\/video><\/figure>\n","protected":false},"excerpt":{"rendered":"<p>\u00dcber HexaTetra HexaTetra ist eine moderne Variante des klassischen Blockspiel-Formats \u2013 allerdings mit einem hexagonalen Dreh. Statt der \u00fcblichen quadratischen Bl\u00f6cke fordert HexaTetra dich mit hexagonalen Bl\u00f6cken heraus, die in aufregenden neuen Mustern fallen. Es ist vertraut und intuitiv, aber gleichzeitig erfrischend anders. Das einzigartige Brettlayout und die Blockformen f\u00fcgen jedem Zug eine neue Ebene &hellip; <\/p>\n<p class=\"link-more\"><a href=\"https:\/\/hexatetra.com\/de\/\" class=\"more-link\"><span class=\"screen-reader-text\">\u201eHexaTetra\u201c<\/span> weiterlesen<\/a><\/p>\n","protected":false},"author":1,"featured_media":0,"parent":0,"menu_order":0,"comment_status":"closed","ping_status":"open","template":"brizy-blank-template.php","meta":{"slim_seo":{"title":"HexaTetra - Bausteinspiel mit sechseckigen Formen","description":"{:en} About HexaTetra HexaTetra is a modern twist on the classic brick game formula \u2014 but with a hexagonal spin. Instead of the usual square blocks, HexaTetra c"},"footnotes":""},"class_list":["post-2","page","type-page","status-publish","hentry"],"translation":{"provider":"WPGlobus","version":"3.0.2","language":"de","enabled_languages":["en","es","de","fr","ru","ja","ko","it","pt","br","zh"],"languages":{"en":{"title":true,"content":true,"excerpt":false},"es":{"title":true,"content":true,"excerpt":false},"de":{"title":true,"content":true,"excerpt":false},"fr":{"title":true,"content":true,"excerpt":false},"ru":{"title":true,"content":true,"excerpt":false},"ja":{"title":true,"content":true,"excerpt":false},"ko":{"title":true,"content":true,"excerpt":false},"it":{"title":true,"content":true,"excerpt":false},"pt":{"title":true,"content":true,"excerpt":false},"br":{"title":true,"content":true,"excerpt":false},"zh":{"title":true,"content":true,"excerpt":false}}},"brizy_media":[],"_links":{"self":[{"href":"https:\/\/hexatetra.com\/de\/wp-json\/wp\/v2\/pages\/2","targetHints":{"allow":["GET"]}}],"collection":[{"href":"https:\/\/hexatetra.com\/de\/wp-json\/wp\/v2\/pages"}],"about":[{"href":"https:\/\/hexatetra.com\/de\/wp-json\/wp\/v2\/types\/page"}],"author":[{"embeddable":true,"href":"https:\/\/hexatetra.com\/de\/wp-json\/wp\/v2\/users\/1"}],"replies":[{"embeddable":true,"href":"https:\/\/hexatetra.com\/de\/wp-json\/wp\/v2\/comments?post=2"}],"version-history":[{"count":5,"href":"https:\/\/hexatetra.com\/de\/wp-json\/wp\/v2\/pages\/2\/revisions"}],"predecessor-version":[{"id":102,"href":"https:\/\/hexatetra.com\/de\/wp-json\/wp\/v2\/pages\/2\/revisions\/102"}],"wp:attachment":[{"href":"https:\/\/hexatetra.com\/de\/wp-json\/wp\/v2\/media?parent=2"}],"curies":[{"name":"wp","href":"https:\/\/api.w.org\/{rel}","templated":true}]}}