{"id":3,"date":"2025-04-20T14:18:42","date_gmt":"2025-04-20T14:18:42","guid":{"rendered":"https:\/\/hexatetra.com\/?page_id=3"},"modified":"2025-10-22T10:24:03","modified_gmt":"2025-10-22T10:24:03","slug":"privacy-policy","status":"publish","type":"page","link":"https:\/\/hexatetra.com\/de\/privacy-policy\/","title":{"rendered":"Datenschutzrichtlinie"},"content":{"rendered":"\n<h2 class=\"wp-block-heading\">Wer wir sind<\/h2>\n\n\n\n<p>Unsere Website-Adresse lautet: https:\/\/hexatetra.com.<\/p>\n\n\n\n<h2 class=\"wp-block-heading\"><strong>Datenschutzrichtlinie<\/strong><\/h2>\n\n\n\n<p>HexaTetra hat die HexaTetra-App als eine kommerzielle App entwickelt. Dieser DIENST wird von HexaTetra bereitgestellt und ist zur Verwendung so wie er ist gedacht.<\/p>\n\n\n\n<p>Diese Seite dient dazu, Besucher \u00fcber unsere Richtlinien bez\u00fcglich der Erfassung, Verwendung und Offenlegung pers\u00f6nlicher Informationen zu informieren, falls sich jemand entscheidet, unseren Dienst zu nutzen.<\/p>\n\n\n\n<p>Wenn Sie sich entscheiden, unseren Dienst zu nutzen, stimmen Sie der Erfassung und Verwendung von Informationen in Bezug auf diese Richtlinie zu. Die von uns erfassten pers\u00f6nlichen Informationen werden zur Bereitstellung und Verbesserung des Dienstes verwendet. Wir werden Ihre Informationen nicht verwenden oder an Dritte weitergeben, au\u00dfer wie in dieser Datenschutzrichtlinie beschrieben.<\/p>\n\n\n\n<p>Die in dieser Datenschutzrichtlinie verwendeten Begriffe haben die gleiche Bedeutung wie in unseren Allgemeinen Gesch\u00e4ftsbedingungen, die auf HexaTetra zug\u00e4nglich sind, sofern in dieser Datenschutzrichtlinie nicht anders definiert.<\/p>\n\n\n\n<p><strong>Erfassung und Verwendung von Informationen<\/strong><\/p>\n\n\n\n<p>F\u00fcr eine bessere Erfahrung k\u00f6nnen wir Sie w\u00e4hrend der Nutzung unseres Dienstes auffordern, uns bestimmte pers\u00f6nlich identifizierbare Informationen zur Verf\u00fcgung zu stellen, einschlie\u00dflich, aber nicht beschr\u00e4nkt auf den Zugriff auf die Ger\u00e4te-ID f\u00fcr Werbetreibende. Die von uns angeforderten Informationen werden von uns aufbewahrt und wie in dieser Datenschutzrichtlinie beschrieben verwendet.<\/p>\n\n\n\n<p>Die App verwendet keine Dienste von Drittanbietern, die Informationen sammeln k\u00f6nnten, die zur Identifizierung Ihrer Person verwendet werden.<\/p>\n\n\n\n<ul class=\"wp-block-list\">\n<li><a href=\"https:\/\/www.google.com\/policies\/privacy\/\" target=\"_blank\" rel=\"noreferrer noopener\">Google Play-Dienste<\/a><\/li>\n\n\n\n<li>Apple App Store<\/li>\n<\/ul>\n\n\n\n<p><strong>Protokolldaten<\/strong><\/p>\n\n\n\n<p>Wir m\u00f6chten Sie informieren, dass wir whenever Sie unseren Dienst nutzen, im Falle eines Fehlers in der App Daten und Informationen (\u00fcber Produkte von Drittanbietern) auf Ihrem Telefon sammeln, die als Protokolldaten bezeichnet werden. Diese Protokolldaten k\u00f6nnen Informationen wie die Internetprotokoll-Adresse (\u201eIP\u201c) Ihres Ger\u00e4ts, Ger\u00e4tename, Betriebssystemversion, die Konfiguration der App bei der Nutzung unseres Dienstes, den Zeitpunkt und das Datum Ihrer Nutzung des Dienstes und andere Statistiken enthalten.<\/p>\n\n\n\n<p><strong>Cookies<\/strong><\/p>\n\n\n\n<p>Cookies sind Dateien mit einer kleinen Datenmenge, die h\u00e4ufig als anonyme eindeutige Identifikatoren verwendet werden. Diese werden von den Websites, die Sie besuchen, an Ihren Browser gesendet und im internen Speicher Ihres Ger\u00e4ts gespeichert.<\/p>\n\n\n\n<p>Dieser Dienst verwendet diese \u201eCookies\u201c nicht explizit. Die App kann jedoch Code und Bibliotheken von Drittanbietern verwenden, die \u201eCookies\u201c verwenden, um Informationen zu sammeln und ihre Dienste zu verbessern. Sie haben die M\u00f6glichkeit, diese Cookies entweder zu akzeptieren oder abzulehnen und zu wissen, wann ein Cookie an Ihr Ger\u00e4t gesendet wird. Wenn Sie sich entscheiden, unsere Cookies abzulehnen, k\u00f6nnen Sie m\u00f6glicherweise einige Teile dieses Dienstes nicht nutzen.<\/p>\n\n\n\n<p><strong>Dienstleister<\/strong><\/p>\n\n\n\n<p>Wir k\u00f6nnen aus folgenden Gr\u00fcnden Unternehmen und Einzelpersonen von Drittanbietern beauftragen:<\/p>\n\n\n\n<ul class=\"wp-block-list\">\n<li>Um unseren Dienst zu erleichtern;<\/li>\n\n\n\n<li>Um den Dienst in unserem Namen zu erbringen;<\/li>\n\n\n\n<li>Um dienstbezogene Dienstleistungen zu erbringen; oder<\/li>\n\n\n\n<li>Um uns bei der Analyse zu helfen, wie unser Dienst genutzt wird.<\/li>\n<\/ul>\n\n\n\n<p>Wir m\u00f6chten die Nutzer dieses Dienstes informieren, dass diese Dritten Zugang zu ihren pers\u00f6nlichen Informationen haben. Der Grund ist, die ihnen in unserem Namen zugewiesenen Aufgaben zu erf\u00fcllen. Sie sind jedoch verpflichtet, die Informationen nicht f\u00fcr andere Zwecke offenzulegen oder zu verwenden.<\/p>\n\n\n\n<p><strong>Sicherheit<\/strong><\/p>\n\n\n\n<p>Wir sch\u00e4tzen Ihr Vertrauen in die Bereitstellung Ihrer pers\u00f6nlichen Daten und streben daher danach, kommerziell akzeptable Mittel zu deren Schutz zu verwenden. Aber denken Sie daran, dass keine \u00dcbertragungsmethode \u00fcber das Internet oder elektronische Speichermethode zu 100 % sicher und zuverl\u00e4ssig ist und wir keine absolute Sicherheit garantieren k\u00f6nnen.<\/p>\n\n\n\n<p><strong>Links zu anderen Websites<\/strong><\/p>\n\n\n\n<p>Dieser Dienst kann Links zu anderen Websites enthalten. Wenn Sie auf einen Link eines Drittanbieters klicken, werden Sie zu dieser Website weitergeleitet. Beachten Sie, dass diese externen Websites nicht von uns betrieben werden. Daher empfehlen wir Ihnen dringend, die Datenschutzrichtlinien dieser Websites zu \u00fcberpr\u00fcfen. Wir haben keine Kontrolle \u00fcber und \u00fcbernehmen keine Verantwortung f\u00fcr den Inhalt, die Datenschutzrichtlinien oder die Praktiken von Websites oder Diensten Dritter.<\/p>\n\n\n\n<p><strong>Privatsph\u00e4re von Kindern<\/strong><\/p>\n\n\n\n<p>Diese Dienste richten sich nicht an Personen unter 13 Jahren. Wir sammeln nicht wissentlich pers\u00f6nlich identifizierbare Informationen von Kindern unter 13 Jahren. Falls wir feststellen, dass ein Kind unter 13 Jahren uns pers\u00f6nliche Daten zur Verf\u00fcgung gestellt hat, l\u00f6schen wir diese sofort von unseren Servern. Wenn Sie Elternteil oder Erziehungsberechtigter sind und Ihnen bekannt ist, dass Ihr Kind uns pers\u00f6nliche Daten zur Verf\u00fcgung gestellt hat, kontaktieren Sie uns bitte, damit wir die notwendigen Ma\u00dfnahmen ergreifen k\u00f6nnen.<\/p>\n\n\n\n<p><strong>\u00c4nderungen dieser Datenschutzrichtlinie<\/strong><\/p>\n\n\n\n<p>Wir k\u00f6nnen unsere Datenschutzrichtlinie von Zeit zu Zeit aktualisieren. Daher wird Ihnen empfohlen, diese Seite regelm\u00e4\u00dfig auf \u00c4nderungen zu \u00fcberpr\u00fcfen. Wir werden Sie \u00fcber alle \u00c4nderungen informieren, indem wir die neue Datenschutzrichtlinie auf dieser Seite ver\u00f6ffentlichen.<\/p>\n\n\n\n<p>Diese Richtlinie ist ab dem 20. April 2025 wirksam<\/p>\n\n\n\n<p><strong>Kontaktieren Sie uns<\/strong><\/p>\n\n\n\n<p>Wenn Sie Fragen oder Vorschl\u00e4ge zu unserer Datenschutzrichtlinie haben, z\u00f6gern Sie nicht, uns unter support@hexatetra.com zu kontaktieren.<\/p>\n\n\n\n<p><\/p>\n","protected":false},"excerpt":{"rendered":"<p>Wer wir sind Unsere Website-Adresse lautet: https:\/\/hexatetra.com. Datenschutzrichtlinie HexaTetra hat die HexaTetra-App als eine kommerzielle App entwickelt. Dieser DIENST wird von HexaTetra bereitgestellt und ist zur Verwendung so wie er ist gedacht. Diese Seite dient dazu, Besucher \u00fcber unsere Richtlinien bez\u00fcglich der Erfassung, Verwendung und Offenlegung pers\u00f6nlicher Informationen zu informieren, falls sich jemand entscheidet, unseren &hellip; <\/p>\n<p class=\"link-more\"><a href=\"https:\/\/hexatetra.com\/de\/privacy-policy\/\" class=\"more-link\"><span class=\"screen-reader-text\">\u201eDatenschutzrichtlinie\u201c<\/span> weiterlesen<\/a><\/p>\n","protected":false},"author":1,"featured_media":0,"parent":0,"menu_order":0,"comment_status":"closed","ping_status":"open","template":"","meta":{"slim_seo":{"title":"{:en}Privacy Policy{:}{:es}Pol\u00edtica de privacidad{:}{:de}Datenschutzrichtlinie{:}{:fr}Politique de confidentialit\u00e9{:}{:ru}\u041f\u043e\u043b\u0438\u0442\u0438\u043a\u0430 \u043a\u043e\u043d\u0444\u0438\u0434\u0435\u043d\u0446\u0438\u0430\u043b\u044c\u043d\u043e\u0441\u0442\u0438{:}{:ja}\u30d7\u30e9\u30a4\u30d0\u30b7\u30fc\u30dd\u30ea\u30b7\u30fc{:}{:ko}\uac1c\uc778\uc815\ubcf4 \ucc98\ub9ac\ubc29\uce68{:}{:it}Informativa sulla privacy{:}{:pt}Pol\u00edtica de Privacidade{:}{:br}Pol\u00edtica de Privacidade{:}{:zh}\u9690\u79c1\u653f\u7b56{:} - HexaTetra","description":"{:en} Who we are Our website address is: https:\/\/hexatetra.com. Privacy Policy HexaTetra built the HexaTetra app as a Commercial app. This SERVICE is provided b"},"footnotes":""},"class_list":["post-3","page","type-page","status-publish","hentry"],"translation":{"provider":"WPGlobus","version":"3.0.2","language":"de","enabled_languages":["en","es","de","fr","ru","ja","ko","it","pt","br","zh"],"languages":{"en":{"title":true,"content":true,"excerpt":false},"es":{"title":true,"content":true,"excerpt":false},"de":{"title":true,"content":true,"excerpt":false},"fr":{"title":true,"content":true,"excerpt":false},"ru":{"title":true,"content":true,"excerpt":false},"ja":{"title":true,"content":true,"excerpt":false},"ko":{"title":true,"content":true,"excerpt":false},"it":{"title":true,"content":true,"excerpt":false},"pt":{"title":true,"content":true,"excerpt":false},"br":{"title":true,"content":true,"excerpt":false},"zh":{"title":true,"content":true,"excerpt":false}}},"brizy_media":[],"_links":{"self":[{"href":"https:\/\/hexatetra.com\/de\/wp-json\/wp\/v2\/pages\/3","targetHints":{"allow":["GET"]}}],"collection":[{"href":"https:\/\/hexatetra.com\/de\/wp-json\/wp\/v2\/pages"}],"about":[{"href":"https:\/\/hexatetra.com\/de\/wp-json\/wp\/v2\/types\/page"}],"author":[{"embeddable":true,"href":"https:\/\/hexatetra.com\/de\/wp-json\/wp\/v2\/users\/1"}],"replies":[{"embeddable":true,"href":"https:\/\/hexatetra.com\/de\/wp-json\/wp\/v2\/comments?post=3"}],"version-history":[{"count":5,"href":"https:\/\/hexatetra.com\/de\/wp-json\/wp\/v2\/pages\/3\/revisions"}],"predecessor-version":[{"id":113,"href":"https:\/\/hexatetra.com\/de\/wp-json\/wp\/v2\/pages\/3\/revisions\/113"}],"wp:attachment":[{"href":"https:\/\/hexatetra.com\/de\/wp-json\/wp\/v2\/media?parent=3"}],"curies":[{"name":"wp","href":"https:\/\/api.w.org\/{rel}","templated":true}]}}