{"id":18,"date":"2025-04-20T15:19:46","date_gmt":"2025-04-20T15:19:46","guid":{"rendered":"https:\/\/hexatetra.com\/?page_id=18"},"modified":"2025-11-22T22:56:28","modified_gmt":"2025-11-22T22:56:28","slug":"terms-of-use","status":"publish","type":"page","link":"https:\/\/hexatetra.com\/es\/terms-of-use\/","title":{"rendered":"T\u00e9rminos de Uso"},"content":{"rendered":"\n<p><strong>Fecha de entrada en vigor:<\/strong> 20 de abril de 2025<\/p>\n\n\n\n<p>Gracias por jugar <strong>HexaTetra<\/strong> (la \u00abAplicaci\u00f3n\u00bb). Estos T\u00e9rminos de Uso (\u00abT\u00e9rminos\u00bb) rigen su acceso y uso de la Aplicaci\u00f3n proporcionada por el equipo de <strong>HexaTetra<\/strong> (\u00abnosotros\u00bb).<\/p>\n\n\n\n<p>Al usar esta Aplicaci\u00f3n, usted acepta estos T\u00e9rminos. Si no est\u00e1 de acuerdo, por favor no use la Aplicaci\u00f3n.<\/p>\n\n\n\n<hr class=\"wp-block-separator has-alpha-channel-opacity\"\/>\n\n\n\n<h3 class=\"wp-block-heading\">1. Uso de la Aplicaci\u00f3n<\/h3>\n\n\n\n<ul class=\"wp-block-list\">\n<li>La Aplicaci\u00f3n est\u00e1 destinada \u00fanicamente para uso personal y no comercial.<\/li>\n\n\n\n<li>Usted acepta no hacer un uso indebido de la Aplicaci\u00f3n ni intentar acceder a ella de manera no autorizada.<\/li>\n<\/ul>\n\n\n\n<hr class=\"wp-block-separator has-alpha-channel-opacity\"\/>\n\n\n\n<h3 class=\"wp-block-heading\">2. Compras dentro de la Aplicaci\u00f3n<\/h3>\n\n\n\n<ul class=\"wp-block-list\">\n<li>La Aplicaci\u00f3n ofrece una compra opcional dentro de la aplicaci\u00f3n: <strong>\u00abEliminar Anuncios\u00bb<\/strong>.<\/li>\n\n\n\n<li>Esta compra es un <strong>pago \u00fanico<\/strong> que elimina permanentemente los anuncios de su experiencia de juego.<\/li>\n\n\n\n<li>Los pagos se manejan a trav\u00e9s de la App Store y est\u00e1n sujetos a sus t\u00e9rminos y condiciones.<\/li>\n\n\n\n<li>No recopilamos ni almacenamos informaci\u00f3n de pago.<\/li>\n<\/ul>\n\n\n\n<hr class=\"wp-block-separator has-alpha-channel-opacity\"\/>\n\n\n\n<h3 class=\"wp-block-heading\">3. Propiedad Intelectual<\/h3>\n\n\n\n<ul class=\"wp-block-list\">\n<li>Todos los gr\u00e1ficos, c\u00f3digo y contenido en la Aplicaci\u00f3n son propiedad de Hexatetra.<\/li>\n\n\n\n<li>Usted no puede copiar, modificar, distribuir o realizar ingenier\u00eda inversa de ninguna parte de la Aplicaci\u00f3n.<\/li>\n<\/ul>\n\n\n\n<hr class=\"wp-block-separator has-alpha-channel-opacity\"\/>\n\n\n\n<h3 class=\"wp-block-heading\">4. Datos del Usuario<\/h3>\n\n\n\n<ul class=\"wp-block-list\">\n<li>No recopilamos datos de identificaci\u00f3n personal.<\/li>\n\n\n\n<li>Para m\u00e1s informaci\u00f3n, por favor revise nuestra <a href=\"https:\/\/hexatetra.com\/?page_id=3\">Pol\u00edtica de Privacidad<\/a>.<\/li>\n<\/ul>\n\n\n\n<hr class=\"wp-block-separator has-alpha-channel-opacity\"\/>\n\n\n\n<h3 class=\"wp-block-heading\">5. Descargo de Responsabilidad<\/h3>\n\n\n\n<ul class=\"wp-block-list\">\n<li>La Aplicaci\u00f3n se proporciona \u00abtal cual\u00bb sin garant\u00edas de ning\u00fan tipo.<\/li>\n\n\n\n<li>No somos responsables de ning\u00fan problema, da\u00f1o o p\u00e9rdida resultante del uso de la Aplicaci\u00f3n.<\/li>\n<\/ul>\n\n\n\n<hr class=\"wp-block-separator has-alpha-channel-opacity\"\/>\n\n\n\n<h3 class=\"wp-block-heading\">6. Cambios en estos T\u00e9rminos<\/h3>\n\n\n\n<ul class=\"wp-block-list\">\n<li>Podemos actualizar estos T\u00e9rminos peri\u00f3dicamente. El uso continuado de la Aplicaci\u00f3n despu\u00e9s de los cambios significa que usted acepta los T\u00e9rminos revisados.<\/li>\n<\/ul>\n","protected":false},"excerpt":{"rendered":"<p>Fecha de entrada en vigor: 20 de abril de 2025 Gracias por jugar HexaTetra (la \u00abAplicaci\u00f3n\u00bb). Estos T\u00e9rminos de Uso (\u00abT\u00e9rminos\u00bb) rigen su acceso y uso de la Aplicaci\u00f3n proporcionada por el equipo de HexaTetra (\u00abnosotros\u00bb). Al usar esta Aplicaci\u00f3n, usted acepta estos T\u00e9rminos. Si no est\u00e1 de acuerdo, por favor no use la Aplicaci\u00f3n. &hellip; <\/p>\n<p class=\"link-more\"><a href=\"https:\/\/hexatetra.com\/es\/terms-of-use\/\" class=\"more-link\">Continuar leyendo<span class=\"screen-reader-text\"> \u00abT\u00e9rminos de Uso\u00bb<\/span><\/a><\/p>\n","protected":false},"author":1,"featured_media":0,"parent":0,"menu_order":0,"comment_status":"closed","ping_status":"closed","template":"","meta":{"slim_seo":{"title":"{:en}Terms of use{:}{:es}T\u00e9rminos de Uso{:}{:de}Nutzungsbedingungen{:}{:fr}Conditions d'utilisation{:}{:ru}\u0423\u0441\u043b\u043e\u0432\u0438\u044f \u0438\u0441\u043f\u043e\u043b\u044c\u0437\u043e\u0432\u0430\u043d\u0438\u044f{:}{:ja}\u5229\u7528\u898f\u7d04{:}{:ko}\uc774\uc6a9 \uc57d\uad00{:}{:it}Termini di Utilizzo{:}{:pt}Termos de Utiliza\u00e7\u00e3o{:}{:br}Termos de Uso{:}{:zh}\u4f7f\u7528\u6761\u6b3e{:} - HexaTetra","description":"{:en} Effective Date: 2025-04-20 Thank you for playing HexaTetra (the \u201cApp\u201d). These Terms of Use (\u201cTerms\u201d) govern your access to and use of the App provided by"},"footnotes":""},"class_list":["post-18","page","type-page","status-publish","hentry"],"translation":{"provider":"WPGlobus","version":"3.0.2","language":"es","enabled_languages":["en","es","de","fr","ru","ja","ko","it","pt","br","zh"],"languages":{"en":{"title":true,"content":true,"excerpt":false},"es":{"title":true,"content":true,"excerpt":false},"de":{"title":true,"content":true,"excerpt":false},"fr":{"title":true,"content":true,"excerpt":false},"ru":{"title":true,"content":true,"excerpt":false},"ja":{"title":true,"content":true,"excerpt":false},"ko":{"title":true,"content":true,"excerpt":false},"it":{"title":true,"content":true,"excerpt":false},"pt":{"title":true,"content":true,"excerpt":false},"br":{"title":true,"content":true,"excerpt":false},"zh":{"title":true,"content":true,"excerpt":false}}},"brizy_media":[],"_links":{"self":[{"href":"https:\/\/hexatetra.com\/es\/wp-json\/wp\/v2\/pages\/18","targetHints":{"allow":["GET"]}}],"collection":[{"href":"https:\/\/hexatetra.com\/es\/wp-json\/wp\/v2\/pages"}],"about":[{"href":"https:\/\/hexatetra.com\/es\/wp-json\/wp\/v2\/types\/page"}],"author":[{"embeddable":true,"href":"https:\/\/hexatetra.com\/es\/wp-json\/wp\/v2\/users\/1"}],"replies":[{"embeddable":true,"href":"https:\/\/hexatetra.com\/es\/wp-json\/wp\/v2\/comments?post=18"}],"version-history":[{"count":5,"href":"https:\/\/hexatetra.com\/es\/wp-json\/wp\/v2\/pages\/18\/revisions"}],"predecessor-version":[{"id":150,"href":"https:\/\/hexatetra.com\/es\/wp-json\/wp\/v2\/pages\/18\/revisions\/150"}],"wp:attachment":[{"href":"https:\/\/hexatetra.com\/es\/wp-json\/wp\/v2\/media?parent=18"}],"curies":[{"name":"wp","href":"https:\/\/api.w.org\/{rel}","templated":true}]}}