{"id":2,"date":"2025-04-20T14:18:42","date_gmt":"2025-04-20T14:18:42","guid":{"rendered":"https:\/\/hexatetra.com\/?page_id=2"},"modified":"2025-10-22T10:00:07","modified_gmt":"2025-10-22T10:00:07","slug":"sample-page","status":"publish","type":"page","link":"https:\/\/hexatetra.com\/es\/","title":{"rendered":"HexaTetra"},"content":{"rendered":"\n<p>Acerca de HexaTetra<\/p>\n\n\n\n<p><strong>HexaTetra<\/strong> es una versi\u00f3n moderna de la f\u00f3rmula cl\u00e1sica de los juegos de bloques, pero con un giro <strong>hexagonal<\/strong>.<\/p>\n\n\n\n<p>En lugar de los bloques cuadrados habituales, HexaTetra te desaf\u00eda con <strong>bloques con forma de hex\u00e1gono<\/strong> que caen en patrones emocionantes. Es familiar e intuitivo, pero refrescantemente diferente. La disposici\u00f3n \u00fanica del tablero y las formas de los bloques a\u00f1aden una nueva capa de estrategia y creatividad a cada movimiento.<\/p>\n\n\n\n<h3 class=\"wp-block-heading\">Caracter\u00edsticas:<\/h3>\n\n\n\n<ul class=\"wp-block-list\">\n<li>Una nueva versi\u00f3n del cl\u00e1sico juego de bloques<\/li>\n\n\n\n<li>Dise\u00f1o minimalista y hermoso con animaciones fluidas<\/li>\n\n\n\n<li>Mec\u00e1nicas f\u00e1ciles de aprender, dif\u00edciles de dominar<\/li>\n\n\n\n<li><strong>Experiencia sin anuncios disponible con una sola compra<\/strong><\/li>\n<\/ul>\n\n\n\n<p>Ya sea que busques relajarte con un rompecabezas casual o desafiar tu cerebro con colocaciones inteligentes, <strong>HexaTetra<\/strong> es el juego perfecto para jugar en cualquier momento y para todas las edades.<\/p>\n\n\n\n<p><\/p>\n\n\n\n<p>No dudes en contactarnos en support@hexatetra.com<\/p>\n\n\n<div class=\"brz-root__container\"><\/div>\n\n\n<figure class=\"wp-block-video\"><video height=\"1920\" style=\"aspect-ratio: 886 \/ 1920;\" width=\"886\" autoplay loop muted preload=\"auto\" src=\"https:\/\/hexatetra.com\/wp-content\/uploads\/2025\/10\/output_final.mp4\"><\/video><\/figure>\n","protected":false},"excerpt":{"rendered":"<p>Acerca de HexaTetra HexaTetra es una versi\u00f3n moderna de la f\u00f3rmula cl\u00e1sica de los juegos de bloques, pero con un giro hexagonal. En lugar de los bloques cuadrados habituales, HexaTetra te desaf\u00eda con bloques con forma de hex\u00e1gono que caen en patrones emocionantes. Es familiar e intuitivo, pero refrescantemente diferente. La disposici\u00f3n \u00fanica del tablero &hellip; <\/p>\n<p class=\"link-more\"><a href=\"https:\/\/hexatetra.com\/es\/\" class=\"more-link\">Continuar leyendo<span class=\"screen-reader-text\"> \u00abHexaTetra\u00bb<\/span><\/a><\/p>\n","protected":false},"author":1,"featured_media":0,"parent":0,"menu_order":0,"comment_status":"closed","ping_status":"open","template":"brizy-blank-template.php","meta":{"slim_seo":{"title":"HexaTetra - Juego de bloques con formas hexagonales","description":"{:en} About HexaTetra HexaTetra is a modern twist on the classic brick game formula \u2014 but with a hexagonal spin. Instead of the usual square blocks, HexaTetra c"},"footnotes":""},"class_list":["post-2","page","type-page","status-publish","hentry"],"translation":{"provider":"WPGlobus","version":"3.0.2","language":"es","enabled_languages":["en","es","de","fr","ru","ja","ko","it","pt","br","zh"],"languages":{"en":{"title":true,"content":true,"excerpt":false},"es":{"title":true,"content":true,"excerpt":false},"de":{"title":true,"content":true,"excerpt":false},"fr":{"title":true,"content":true,"excerpt":false},"ru":{"title":true,"content":true,"excerpt":false},"ja":{"title":true,"content":true,"excerpt":false},"ko":{"title":true,"content":true,"excerpt":false},"it":{"title":true,"content":true,"excerpt":false},"pt":{"title":true,"content":true,"excerpt":false},"br":{"title":true,"content":true,"excerpt":false},"zh":{"title":true,"content":true,"excerpt":false}}},"brizy_media":[],"_links":{"self":[{"href":"https:\/\/hexatetra.com\/es\/wp-json\/wp\/v2\/pages\/2","targetHints":{"allow":["GET"]}}],"collection":[{"href":"https:\/\/hexatetra.com\/es\/wp-json\/wp\/v2\/pages"}],"about":[{"href":"https:\/\/hexatetra.com\/es\/wp-json\/wp\/v2\/types\/page"}],"author":[{"embeddable":true,"href":"https:\/\/hexatetra.com\/es\/wp-json\/wp\/v2\/users\/1"}],"replies":[{"embeddable":true,"href":"https:\/\/hexatetra.com\/es\/wp-json\/wp\/v2\/comments?post=2"}],"version-history":[{"count":5,"href":"https:\/\/hexatetra.com\/es\/wp-json\/wp\/v2\/pages\/2\/revisions"}],"predecessor-version":[{"id":102,"href":"https:\/\/hexatetra.com\/es\/wp-json\/wp\/v2\/pages\/2\/revisions\/102"}],"wp:attachment":[{"href":"https:\/\/hexatetra.com\/es\/wp-json\/wp\/v2\/media?parent=2"}],"curies":[{"name":"wp","href":"https:\/\/api.w.org\/{rel}","templated":true}]}}