{"id":3,"date":"2025-04-20T14:18:42","date_gmt":"2025-04-20T14:18:42","guid":{"rendered":"https:\/\/hexatetra.com\/?page_id=3"},"modified":"2025-10-22T10:24:03","modified_gmt":"2025-10-22T10:24:03","slug":"privacy-policy","status":"publish","type":"page","link":"https:\/\/hexatetra.com\/es\/privacy-policy\/","title":{"rendered":"Pol\u00edtica de privacidad"},"content":{"rendered":"\n<h2 class=\"wp-block-heading\">Qui\u00e9nes somos<\/h2>\n\n\n\n<p>Nuestra direcci\u00f3n de sitio web es: https:\/\/hexatetra.com.<\/p>\n\n\n\n<h2 class=\"wp-block-heading\"><strong>Pol\u00edtica de privacidad<\/strong><\/h2>\n\n\n\n<p>HexaTetra construy\u00f3 la aplicaci\u00f3n HexaTetra como una aplicaci\u00f3n comercial. Este SERVICIO es proporcionado por HexaTetra y est\u00e1 destinado a ser utilizado tal cual.<\/p>\n\n\n\n<p>Esta p\u00e1gina se utiliza para informar a los visitantes sobre nuestras pol\u00edticas con respecto a la recopilaci\u00f3n, uso y divulgaci\u00f3n de Informaci\u00f3n Personal si alguien decide utilizar nuestro Servicio.<\/p>\n\n\n\n<p>Si elige utilizar nuestro Servicio, entonces acepta la recopilaci\u00f3n y el uso de informaci\u00f3n en relaci\u00f3n con esta pol\u00edtica. La Informaci\u00f3n Personal que recopilamos se utiliza para proporcionar y mejorar el Servicio. No usaremos ni compartiremos su informaci\u00f3n con nadie, excepto como se describe en esta Pol\u00edtica de privacidad.<\/p>\n\n\n\n<p>Los t\u00e9rminos utilizados en esta Pol\u00edtica de privacidad tienen los mismos significados que en nuestros T\u00e9rminos y condiciones, a los que se puede acceder en HexaTetra, a menos que se defina lo contrario en esta Pol\u00edtica de privacidad.<\/p>\n\n\n\n<p><strong>Recopilaci\u00f3n y uso de informaci\u00f3n<\/strong><\/p>\n\n\n\n<p>Para una mejor experiencia, mientras utiliza nuestro Servicio, podemos requerir que nos proporcione cierta informaci\u00f3n de identificaci\u00f3n personal, incluido, entre otros, el acceso al ID de dispositivo para anunciantes. La informaci\u00f3n que solicitamos ser\u00e1 retenida por nosotros y utilizada como se describe en esta pol\u00edtica de privacidad.<\/p>\n\n\n\n<p>La aplicaci\u00f3n no utiliza servicios de terceros que puedan recopilar informaci\u00f3n utilizada para identificarlo.<\/p>\n\n\n\n<ul class=\"wp-block-list\">\n<li><a href=\"https:\/\/www.google.com\/policies\/privacy\/\" target=\"_blank\" rel=\"noreferrer noopener\">Servicios de Google Play<\/a><\/li>\n\n\n\n<li>Apple App Store<\/li>\n<\/ul>\n\n\n\n<p><strong>Datos de registro<\/strong><\/p>\n\n\n\n<p>Queremos informarle que cada vez que utiliza nuestro Servicio, en caso de un error en la aplicaci\u00f3n, recopilamos datos e informaci\u00f3n (a trav\u00e9s de productos de terceros) en su tel\u00e9fono llamados Datos de registro. Estos Datos de registro pueden incluir informaci\u00f3n como la direcci\u00f3n de Protocolo de Internet (\u00abIP\u00bb) de su dispositivo, el nombre del dispositivo, la versi\u00f3n del sistema operativo, la configuraci\u00f3n de la aplicaci\u00f3n al utilizar nuestro Servicio, la hora y la fecha de su uso del Servicio y otras estad\u00edsticas.<\/p>\n\n\n\n<p><strong>Cookies<\/strong><\/p>\n\n\n\n<p>Las cookies son archivos con una peque\u00f1a cantidad de datos que se utilizan com\u00fanmente como identificadores \u00fanicos an\u00f3nimos. Estos se env\u00edan a su navegador desde los sitios web que visita y se almacenan en la memoria interna de su dispositivo.<\/p>\n\n\n\n<p>Este Servicio no utiliza estas \u00abcookies\u00bb expl\u00edcitamente. Sin embargo, la aplicaci\u00f3n puede utilizar c\u00f3digo y bibliotecas de terceros que utilizan \u00abcookies\u00bb para recopilar informaci\u00f3n y mejorar sus servicios. Tiene la opci\u00f3n de aceptar o rechazar estas cookies y saber cu\u00e1ndo se env\u00eda una cookie a su dispositivo. Si elige rechazar nuestras cookies, es posible que no pueda utilizar algunas partes de este Servicio.<\/p>\n\n\n\n<p><strong>Proveedores de servicio<\/strong><\/p>\n\n\n\n<p>Podemos emplear empresas e individuos de terceros por las siguientes razones:<\/p>\n\n\n\n<ul class=\"wp-block-list\">\n<li>Para facilitar nuestro Servicio;<\/li>\n\n\n\n<li>Para proporcionar el Servicio en nuestro nombre;<\/li>\n\n\n\n<li>Para realizar servicios relacionados con el Servicio; o<\/li>\n\n\n\n<li>Para ayudarnos a analizar c\u00f3mo se utiliza nuestro Servicio.<\/li>\n<\/ul>\n\n\n\n<p>Queremos informar a los usuarios de este Servicio que estos terceros tienen acceso a su Informaci\u00f3n Personal. La raz\u00f3n es realizar las tareas asignadas a ellos en nuestro nombre. Sin embargo, est\u00e1n obligados a no divulgar ni utilizar la informaci\u00f3n para ning\u00fan otro prop\u00f3sito.<\/p>\n\n\n\n<p><strong>Seguridad<\/strong><\/p>\n\n\n\n<p>Valoramos su confianza al proporcionarnos su Informaci\u00f3n Personal, por lo que nos esforzamos por utilizar medios comercialmente aceptables para protegerla. Pero recuerde que ning\u00fan m\u00e9todo de transmisi\u00f3n por Internet o m\u00e9todo de almacenamiento electr\u00f3nico es 100% seguro y confiable, y no podemos garantizar su seguridad absoluta.<\/p>\n\n\n\n<p><strong>Enlaces a otros sitios<\/strong><\/p>\n\n\n\n<p>Este Servicio puede contener enlaces a otros sitios. Si hace clic en un enlace de un tercero, ser\u00e1 dirigido a ese sitio. Tenga en cuenta que estos sitios externos no son operados por nosotros. Por lo tanto, le recomendamos encarecidamente que revise la Pol\u00edtica de privacidad de estos sitios web. No tenemos control sobre y no asumimos ninguna responsabilidad por el contenido, las pol\u00edticas de privacidad o las pr\u00e1cticas de sitios o servicios de terceros.<\/p>\n\n\n\n<p><strong>Privacidad de los ni\u00f1os<\/strong><\/p>\n\n\n\n<p>Estos Servicios no se dirigen a nadie menor de 13 a\u00f1os. No recopilamos a sabiendas informaci\u00f3n de identificaci\u00f3n personal de ni\u00f1os menores de 13 a\u00f1os. En el caso de que descubramos que un ni\u00f1o menor de 13 a\u00f1os nos ha proporcionado informaci\u00f3n personal, la eliminamos inmediatamente de nuestros servidores. Si usted es padre o tutor y sabe que su hijo nos ha proporcionado informaci\u00f3n personal, cont\u00e1ctenos para que podamos realizar las acciones necesarias.<\/p>\n\n\n\n<p><strong>Cambios en esta Pol\u00edtica de privacidad<\/strong><\/p>\n\n\n\n<p>Podemos actualizar nuestra Pol\u00edtica de privacidad de vez en cuando. Por lo tanto, se le recomienda que revise esta p\u00e1gina peri\u00f3dicamente para ver si hay cambios. Le notificaremos cualquier cambio publicando la nueva Pol\u00edtica de privacidad en esta p\u00e1gina.<\/p>\n\n\n\n<p>Esta pol\u00edtica es efectiva a partir del 20 de abril de 2025<\/p>\n\n\n\n<p><strong>Cont\u00e1ctenos<\/strong><\/p>\n\n\n\n<p>Si tiene alguna pregunta o sugerencia sobre nuestra Pol\u00edtica de privacidad, no dude en contactarnos a support@hexatetra.com<\/p>\n\n\n\n<p><\/p>\n","protected":false},"excerpt":{"rendered":"<p>Qui\u00e9nes somos Nuestra direcci\u00f3n de sitio web es: https:\/\/hexatetra.com. Pol\u00edtica de privacidad HexaTetra construy\u00f3 la aplicaci\u00f3n HexaTetra como una aplicaci\u00f3n comercial. Este SERVICIO es proporcionado por HexaTetra y est\u00e1 destinado a ser utilizado tal cual. Esta p\u00e1gina se utiliza para informar a los visitantes sobre nuestras pol\u00edticas con respecto a la recopilaci\u00f3n, uso y divulgaci\u00f3n &hellip; <\/p>\n<p class=\"link-more\"><a href=\"https:\/\/hexatetra.com\/es\/privacy-policy\/\" class=\"more-link\">Continuar leyendo<span class=\"screen-reader-text\"> \u00abPol\u00edtica de privacidad\u00bb<\/span><\/a><\/p>\n","protected":false},"author":1,"featured_media":0,"parent":0,"menu_order":0,"comment_status":"closed","ping_status":"open","template":"","meta":{"slim_seo":{"title":"{:en}Privacy Policy{:}{:es}Pol\u00edtica de privacidad{:}{:de}Datenschutzrichtlinie{:}{:fr}Politique de confidentialit\u00e9{:}{:ru}\u041f\u043e\u043b\u0438\u0442\u0438\u043a\u0430 \u043a\u043e\u043d\u0444\u0438\u0434\u0435\u043d\u0446\u0438\u0430\u043b\u044c\u043d\u043e\u0441\u0442\u0438{:}{:ja}\u30d7\u30e9\u30a4\u30d0\u30b7\u30fc\u30dd\u30ea\u30b7\u30fc{:}{:ko}\uac1c\uc778\uc815\ubcf4 \ucc98\ub9ac\ubc29\uce68{:}{:it}Informativa sulla privacy{:}{:pt}Pol\u00edtica de Privacidade{:}{:br}Pol\u00edtica de Privacidade{:}{:zh}\u9690\u79c1\u653f\u7b56{:} - HexaTetra","description":"{:en} Who we are Our website address is: https:\/\/hexatetra.com. Privacy Policy HexaTetra built the HexaTetra app as a Commercial app. This SERVICE is provided b"},"footnotes":""},"class_list":["post-3","page","type-page","status-publish","hentry"],"translation":{"provider":"WPGlobus","version":"3.0.2","language":"es","enabled_languages":["en","es","de","fr","ru","ja","ko","it","pt","br","zh"],"languages":{"en":{"title":true,"content":true,"excerpt":false},"es":{"title":true,"content":true,"excerpt":false},"de":{"title":true,"content":true,"excerpt":false},"fr":{"title":true,"content":true,"excerpt":false},"ru":{"title":true,"content":true,"excerpt":false},"ja":{"title":true,"content":true,"excerpt":false},"ko":{"title":true,"content":true,"excerpt":false},"it":{"title":true,"content":true,"excerpt":false},"pt":{"title":true,"content":true,"excerpt":false},"br":{"title":true,"content":true,"excerpt":false},"zh":{"title":true,"content":true,"excerpt":false}}},"brizy_media":[],"_links":{"self":[{"href":"https:\/\/hexatetra.com\/es\/wp-json\/wp\/v2\/pages\/3","targetHints":{"allow":["GET"]}}],"collection":[{"href":"https:\/\/hexatetra.com\/es\/wp-json\/wp\/v2\/pages"}],"about":[{"href":"https:\/\/hexatetra.com\/es\/wp-json\/wp\/v2\/types\/page"}],"author":[{"embeddable":true,"href":"https:\/\/hexatetra.com\/es\/wp-json\/wp\/v2\/users\/1"}],"replies":[{"embeddable":true,"href":"https:\/\/hexatetra.com\/es\/wp-json\/wp\/v2\/comments?post=3"}],"version-history":[{"count":5,"href":"https:\/\/hexatetra.com\/es\/wp-json\/wp\/v2\/pages\/3\/revisions"}],"predecessor-version":[{"id":113,"href":"https:\/\/hexatetra.com\/es\/wp-json\/wp\/v2\/pages\/3\/revisions\/113"}],"wp:attachment":[{"href":"https:\/\/hexatetra.com\/es\/wp-json\/wp\/v2\/media?parent=3"}],"curies":[{"name":"wp","href":"https:\/\/api.w.org\/{rel}","templated":true}]}}