{"id":2,"date":"2025-04-20T14:18:42","date_gmt":"2025-04-20T14:18:42","guid":{"rendered":"https:\/\/hexatetra.com\/?page_id=2"},"modified":"2025-10-22T10:00:07","modified_gmt":"2025-10-22T10:00:07","slug":"sample-page","status":"publish","type":"page","link":"https:\/\/hexatetra.com\/fr\/","title":{"rendered":"HexaTetra"},"content":{"rendered":"\n<p>\u00c0 propos de HexaTetra<\/p>\n\n\n\n<p><strong>HexaTetra<\/strong> est une version moderne de la formule classique des jeux de briques \u2014 mais avec une touche <strong>hexagonale<\/strong>.<\/p>\n\n\n\n<p>Au lieu des blocs carr\u00e9s habituels, HexaTetra vous met au d\u00e9fi avec des <strong>briques en forme d&#8217;hexagone<\/strong> qui tombent selon de nouveaux motifs passionnants. C\u2019est familier et intuitif, mais agr\u00e9ablement diff\u00e9rent. La disposition unique du plateau et les formes des blocs ajoutent une nouvelle dimension de strat\u00e9gie et de cr\u00e9ativit\u00e9 \u00e0 chaque mouvement.<\/p>\n\n\n\n<h3 class=\"wp-block-heading\">Caract\u00e9ristiques :<\/h3>\n\n\n\n<ul class=\"wp-block-list\">\n<li>Une nouvelle approche du jeu classique de briques<\/li>\n\n\n\n<li>Design minimaliste et \u00e9l\u00e9gant avec des animations fluides<\/li>\n\n\n\n<li>M\u00e9caniques faciles \u00e0 apprendre, difficiles \u00e0 ma\u00eetriser<\/li>\n\n\n\n<li><strong>Exp\u00e9rience sans publicit\u00e9 disponible avec un achat unique<\/strong><\/li>\n<\/ul>\n\n\n\n<p>Que vous souhaitiez vous d\u00e9tendre avec un puzzle simple ou stimuler votre cerveau avec des placements ing\u00e9nieux, <strong>HexaTetra<\/strong> est le jeu parfait \u00e0 prendre en main pour tous les \u00e2ges.<\/p>\n\n\n\n<p><\/p>\n\n\n\n<p>N\u2019h\u00e9sitez pas \u00e0 nous contacter \u00e0 support@hexatetra.com<\/p>\n\n\n<div class=\"brz-root__container\"><\/div>\n\n\n<figure class=\"wp-block-video\"><video height=\"1920\" style=\"aspect-ratio: 886 \/ 1920;\" width=\"886\" autoplay loop muted preload=\"auto\" src=\"https:\/\/hexatetra.com\/wp-content\/uploads\/2025\/10\/output_final.mp4\"><\/video><\/figure>\n","protected":false},"excerpt":{"rendered":"<p>\u00c0 propos de HexaTetra HexaTetra est une version moderne de la formule classique des jeux de briques \u2014 mais avec une touche hexagonale. Au lieu des blocs carr\u00e9s habituels, HexaTetra vous met au d\u00e9fi avec des briques en forme d&#8217;hexagone qui tombent selon de nouveaux motifs passionnants. C\u2019est familier et intuitif, mais agr\u00e9ablement diff\u00e9rent. La &hellip; <\/p>\n<p class=\"link-more\"><a href=\"https:\/\/hexatetra.com\/fr\/\" class=\"more-link\">Continue reading<span class=\"screen-reader-text\"> &#8220;HexaTetra&#8221;<\/span><\/a><\/p>\n","protected":false},"author":1,"featured_media":0,"parent":0,"menu_order":0,"comment_status":"closed","ping_status":"open","template":"brizy-blank-template.php","meta":{"slim_seo":{"title":"HexaTetra - Jeu de briques avec formes hexagonales","description":"{:en} About HexaTetra HexaTetra is a modern twist on the classic brick game formula \u2014 but with a hexagonal spin. Instead of the usual square blocks, HexaTetra c"},"footnotes":""},"class_list":["post-2","page","type-page","status-publish","hentry"],"translation":{"provider":"WPGlobus","version":"3.0.2","language":"fr","enabled_languages":["en","es","de","fr","ru","ja","ko","it","pt","br","zh"],"languages":{"en":{"title":true,"content":true,"excerpt":false},"es":{"title":true,"content":true,"excerpt":false},"de":{"title":true,"content":true,"excerpt":false},"fr":{"title":true,"content":true,"excerpt":false},"ru":{"title":true,"content":true,"excerpt":false},"ja":{"title":true,"content":true,"excerpt":false},"ko":{"title":true,"content":true,"excerpt":false},"it":{"title":true,"content":true,"excerpt":false},"pt":{"title":true,"content":true,"excerpt":false},"br":{"title":true,"content":true,"excerpt":false},"zh":{"title":true,"content":true,"excerpt":false}}},"brizy_media":[],"_links":{"self":[{"href":"https:\/\/hexatetra.com\/fr\/wp-json\/wp\/v2\/pages\/2","targetHints":{"allow":["GET"]}}],"collection":[{"href":"https:\/\/hexatetra.com\/fr\/wp-json\/wp\/v2\/pages"}],"about":[{"href":"https:\/\/hexatetra.com\/fr\/wp-json\/wp\/v2\/types\/page"}],"author":[{"embeddable":true,"href":"https:\/\/hexatetra.com\/fr\/wp-json\/wp\/v2\/users\/1"}],"replies":[{"embeddable":true,"href":"https:\/\/hexatetra.com\/fr\/wp-json\/wp\/v2\/comments?post=2"}],"version-history":[{"count":5,"href":"https:\/\/hexatetra.com\/fr\/wp-json\/wp\/v2\/pages\/2\/revisions"}],"predecessor-version":[{"id":102,"href":"https:\/\/hexatetra.com\/fr\/wp-json\/wp\/v2\/pages\/2\/revisions\/102"}],"wp:attachment":[{"href":"https:\/\/hexatetra.com\/fr\/wp-json\/wp\/v2\/media?parent=2"}],"curies":[{"name":"wp","href":"https:\/\/api.w.org\/{rel}","templated":true}]}}