{"id":3,"date":"2025-04-20T14:18:42","date_gmt":"2025-04-20T14:18:42","guid":{"rendered":"https:\/\/hexatetra.com\/?page_id=3"},"modified":"2025-10-22T10:24:03","modified_gmt":"2025-10-22T10:24:03","slug":"privacy-policy","status":"publish","type":"page","link":"https:\/\/hexatetra.com\/fr\/privacy-policy\/","title":{"rendered":"Politique de confidentialit\u00e9"},"content":{"rendered":"\n<h2 class=\"wp-block-heading\">Qui nous sommes<\/h2>\n\n\n\n<p>Notre adresse de site web est : https:\/\/hexatetra.com.<\/p>\n\n\n\n<h2 class=\"wp-block-heading\"><strong>Politique de confidentialit\u00e9<\/strong><\/h2>\n\n\n\n<p>HexaTetra a construit l&#8217;application HexaTetra en tant qu&#8217;application commerciale. Ce SERVICE est fourni par HexaTetra et est destin\u00e9 \u00e0 \u00eatre utilis\u00e9 tel quel.<\/p>\n\n\n\n<p>Cette page est utilis\u00e9e pour informer les visiteurs de nos politiques concernant la collecte, l&#8217;utilisation et la divulgation des Informations Personnelles si quelqu&#8217;un d\u00e9cide d&#8217;utiliser notre Service.<\/p>\n\n\n\n<p>Si vous choisissez d&#8217;utiliser notre Service, vous acceptez la collecte et l&#8217;utilisation d&#8217;informations relatives \u00e0 cette politique. Les Informations Personnelles que nous collectons sont utilis\u00e9es pour fournir et am\u00e9liorer le Service. Nous n&#8217;utiliserons ni ne partagerons vos informations avec quiconque, sauf comme d\u00e9crit dans cette Politique de confidentialit\u00e9.<\/p>\n\n\n\n<p>Les termes utilis\u00e9s dans cette Politique de confidentialit\u00e9 ont les m\u00eames significations que dans nos Conditions G\u00e9n\u00e9rales, qui sont accessibles sur HexaTetra, sauf d\u00e9finition contraire dans cette Politique de confidentialit\u00e9.<\/p>\n\n\n\n<p><strong>Collecte et utilisation des informations<\/strong><\/p>\n\n\n\n<p>Pour une meilleure exp\u00e9rience, lors de l&#8217;utilisation de notre Service, nous pouvons vous demander de nous fournir certaines informations personnellement identifiables, y compris, mais sans s&#8217;y limiter, l&#8217;acc\u00e8s \u00e0 l&#8217;identifiant de l&#8217;appareil pour les annonceurs. Les informations que nous demandons seront conserv\u00e9es par nous et utilis\u00e9es comme d\u00e9crit dans cette politique de confidentialit\u00e9.<\/p>\n\n\n\n<p>L&#8217;application n&#8217;utilise pas de services tiers pouvant collecter des informations utilis\u00e9es pour vous identifier.<\/p>\n\n\n\n<ul class=\"wp-block-list\">\n<li><a href=\"https:\/\/www.google.com\/policies\/privacy\/\" target=\"_blank\" rel=\"noreferrer noopener\">Services Google Play<\/a><\/li>\n\n\n\n<li>Apple App Store<\/li>\n<\/ul>\n\n\n\n<p><strong>Donn\u00e9es de journal<\/strong><\/p>\n\n\n\n<p>Nous voulons vous informer que chaque fois que vous utilisez notre Service, en cas d&#8217;erreur dans l&#8217;application, nous collectons des donn\u00e9es et des informations (via des produits tiers) sur votre t\u00e9l\u00e9phone appel\u00e9es Donn\u00e9es de journal. Ces Donn\u00e9es de journal peuvent inclure des informations telles que l&#8217;adresse de protocole Internet (\u00ab IP \u00bb) de votre appareil, le nom de l&#8217;appareil, la version du syst\u00e8me d&#8217;exploitation, la configuration de l&#8217;application lors de l&#8217;utilisation de notre Service, l&#8217;heure et la date de votre utilisation du Service et d&#8217;autres statistiques.<\/p>\n\n\n\n<p><strong>Cookies<\/strong><\/p>\n\n\n\n<p>Les cookies sont des fichiers contenant une petite quantit\u00e9 de donn\u00e9es qui sont couramment utilis\u00e9s comme identifiants uniques anonymes. Ceux-ci sont envoy\u00e9s \u00e0 votre navigateur depuis les sites web que vous visitez et sont stock\u00e9s dans la m\u00e9moire interne de votre appareil.<\/p>\n\n\n\n<p>Ce Service n&#8217;utilise pas explicitement ces \u00ab cookies \u00bb. Cependant, l&#8217;application peut utiliser du code et des biblioth\u00e8ques tiers qui utilisent des \u00ab cookies \u00bb pour collecter des informations et am\u00e9liorer leurs services. Vous avez la possibilit\u00e9 d&#8217;accepter ou de refuser ces cookies et de savoir quand un cookie est envoy\u00e9 \u00e0 votre appareil. Si vous choisissez de refuser nos cookies, vous ne pourrez peut-\u00eatre pas utiliser certaines parties de ce Service.<\/p>\n\n\n\n<p><strong>Fournisseurs de services<\/strong><\/p>\n\n\n\n<p>Nous pouvons employer des soci\u00e9t\u00e9s et des individus tiers pour les raisons suivantes :<\/p>\n\n\n\n<ul class=\"wp-block-list\">\n<li>Pour faciliter notre Service ;<\/li>\n\n\n\n<li>Pour fournir le Service en notre nom ;<\/li>\n\n\n\n<li>Pour effectuer des services li\u00e9s au Service ; ou<\/li>\n\n\n\n<li>Pour nous aider \u00e0 analyser comment notre Service est utilis\u00e9.<\/li>\n<\/ul>\n\n\n\n<p>Nous voulons informer les utilisateurs de ce Service que ces tiers ont acc\u00e8s \u00e0 leurs Informations Personnelles. La raison est d&#8217;effectuer les t\u00e2ches qui leur sont assign\u00e9es en notre nom. Cependant, ils sont oblig\u00e9s de ne pas divulguer ou utiliser les informations \u00e0 d&#8217;autres fins.<\/p>\n\n\n\n<p><strong>S\u00e9curit\u00e9<\/strong><\/p>\n\n\n\n<p>Nous valorisons votre confiance en nous fournissant vos Informations Personnelles, c&#8217;est pourquoi nous nous effor\u00e7ons d&#8217;utiliser des moyens commercialement acceptables pour les prot\u00e9ger. Mais rappelez-vous qu&#8217;aucune m\u00e9thode de transmission sur Internet ou m\u00e9thode de stockage \u00e9lectronique n&#8217;est s\u00e9curis\u00e9e et fiable \u00e0 100 %, et nous ne pouvons pas garantir sa s\u00e9curit\u00e9 absolue.<\/p>\n\n\n\n<p><strong>Liens vers d&#8217;autres sites<\/strong><\/p>\n\n\n\n<p>Ce Service peut contenir des liens vers d&#8217;autres sites. Si vous cliquez sur un lien tiers, vous serez dirig\u00e9 vers ce site. Notez que ces sites externes ne sont pas exploit\u00e9s par nous. Par cons\u00e9quent, nous vous conseillons vivement de consulter la Politique de confidentialit\u00e9 de ces sites web. Nous n&#8217;avons aucun contr\u00f4le sur et n&#8217;assumons aucune responsabilit\u00e9 concernant le contenu, les politiques de confidentialit\u00e9 ou les pratiques des sites ou services tiers.<\/p>\n\n\n\n<p><strong>Confidentialit\u00e9 des enfants<\/strong><\/p>\n\n\n\n<p>Ces Services ne s&#8217;adressent \u00e0 personne de moins de 13 ans. Nous ne collectons pas sciemment d&#8217;informations personnellement identifiables aupr\u00e8s d&#8217;enfants de moins de 13 ans. Dans le cas o\u00f9 nous d\u00e9couvririons qu&#8217;un enfant de moins de 13 ans nous a fourni des informations personnelles, nous les supprimons imm\u00e9diatement de nos serveurs. Si vous \u00eates un parent ou un tuteur et que vous savez que votre enfant nous a fourni des informations personnelles, veuillez nous contacter afin que nous puissions prendre les mesures n\u00e9cessaires.<\/p>\n\n\n\n<p><strong>Modifications de cette Politique de confidentialit\u00e9<\/strong><\/p>\n\n\n\n<p>Nous pouvons mettre \u00e0 jour notre Politique de confidentialit\u00e9 de temps \u00e0 autre. Ainsi, il vous est conseill\u00e9 de consulter cette page p\u00e9riodiquement pour tout changement. Nous vous informerons de tout changement en publiant la nouvelle Politique de confidentialit\u00e9 sur cette page.<\/p>\n\n\n\n<p>Cette politique est effective \u00e0 partir du 20 avril 2025<\/p>\n\n\n\n<p><strong>Contactez-nous<\/strong><\/p>\n\n\n\n<p>Si vous avez des questions ou des suggestions concernant notre Politique de confidentialit\u00e9, n&#8217;h\u00e9sitez pas \u00e0 nous contacter \u00e0 support@hexatetra.com<\/p>\n\n\n\n<p><\/p>\n","protected":false},"excerpt":{"rendered":"<p>Qui nous sommes Notre adresse de site web est : https:\/\/hexatetra.com. Politique de confidentialit\u00e9 HexaTetra a construit l&#8217;application HexaTetra en tant qu&#8217;application commerciale. Ce SERVICE est fourni par HexaTetra et est destin\u00e9 \u00e0 \u00eatre utilis\u00e9 tel quel. Cette page est utilis\u00e9e pour informer les visiteurs de nos politiques concernant la collecte, l&#8217;utilisation et la divulgation &hellip; <\/p>\n<p class=\"link-more\"><a href=\"https:\/\/hexatetra.com\/fr\/privacy-policy\/\" class=\"more-link\">Continue reading<span class=\"screen-reader-text\"> &#8220;Politique de confidentialit\u00e9&#8221;<\/span><\/a><\/p>\n","protected":false},"author":1,"featured_media":0,"parent":0,"menu_order":0,"comment_status":"closed","ping_status":"open","template":"","meta":{"slim_seo":{"title":"{:en}Privacy Policy{:}{:es}Pol\u00edtica de privacidad{:}{:de}Datenschutzrichtlinie{:}{:fr}Politique de confidentialit\u00e9{:}{:ru}\u041f\u043e\u043b\u0438\u0442\u0438\u043a\u0430 \u043a\u043e\u043d\u0444\u0438\u0434\u0435\u043d\u0446\u0438\u0430\u043b\u044c\u043d\u043e\u0441\u0442\u0438{:}{:ja}\u30d7\u30e9\u30a4\u30d0\u30b7\u30fc\u30dd\u30ea\u30b7\u30fc{:}{:ko}\uac1c\uc778\uc815\ubcf4 \ucc98\ub9ac\ubc29\uce68{:}{:it}Informativa sulla privacy{:}{:pt}Pol\u00edtica de Privacidade{:}{:br}Pol\u00edtica de Privacidade{:}{:zh}\u9690\u79c1\u653f\u7b56{:} - HexaTetra","description":"{:en} Who we are Our website address is: https:\/\/hexatetra.com. Privacy Policy HexaTetra built the HexaTetra app as a Commercial app. This SERVICE is provided b"},"footnotes":""},"class_list":["post-3","page","type-page","status-publish","hentry"],"translation":{"provider":"WPGlobus","version":"3.0.2","language":"fr","enabled_languages":["en","es","de","fr","ru","ja","ko","it","pt","br","zh"],"languages":{"en":{"title":true,"content":true,"excerpt":false},"es":{"title":true,"content":true,"excerpt":false},"de":{"title":true,"content":true,"excerpt":false},"fr":{"title":true,"content":true,"excerpt":false},"ru":{"title":true,"content":true,"excerpt":false},"ja":{"title":true,"content":true,"excerpt":false},"ko":{"title":true,"content":true,"excerpt":false},"it":{"title":true,"content":true,"excerpt":false},"pt":{"title":true,"content":true,"excerpt":false},"br":{"title":true,"content":true,"excerpt":false},"zh":{"title":true,"content":true,"excerpt":false}}},"brizy_media":[],"_links":{"self":[{"href":"https:\/\/hexatetra.com\/fr\/wp-json\/wp\/v2\/pages\/3","targetHints":{"allow":["GET"]}}],"collection":[{"href":"https:\/\/hexatetra.com\/fr\/wp-json\/wp\/v2\/pages"}],"about":[{"href":"https:\/\/hexatetra.com\/fr\/wp-json\/wp\/v2\/types\/page"}],"author":[{"embeddable":true,"href":"https:\/\/hexatetra.com\/fr\/wp-json\/wp\/v2\/users\/1"}],"replies":[{"embeddable":true,"href":"https:\/\/hexatetra.com\/fr\/wp-json\/wp\/v2\/comments?post=3"}],"version-history":[{"count":5,"href":"https:\/\/hexatetra.com\/fr\/wp-json\/wp\/v2\/pages\/3\/revisions"}],"predecessor-version":[{"id":113,"href":"https:\/\/hexatetra.com\/fr\/wp-json\/wp\/v2\/pages\/3\/revisions\/113"}],"wp:attachment":[{"href":"https:\/\/hexatetra.com\/fr\/wp-json\/wp\/v2\/media?parent=3"}],"curies":[{"name":"wp","href":"https:\/\/api.w.org\/{rel}","templated":true}]}}