{"id":18,"date":"2025-04-20T15:19:46","date_gmt":"2025-04-20T15:19:46","guid":{"rendered":"https:\/\/hexatetra.com\/?page_id=18"},"modified":"2025-11-22T22:56:28","modified_gmt":"2025-11-22T22:56:28","slug":"terms-of-use","status":"publish","type":"page","link":"https:\/\/hexatetra.com\/it\/terms-of-use\/","title":{"rendered":"Termini di Utilizzo"},"content":{"rendered":"\n<p><strong>Data di efficacia:<\/strong> 20 aprile 2025<\/p>\n\n\n\n<p>Grazie per aver giocato a <strong>HexaTetra<\/strong> (l'&#8221;App&#8221;). Questi Termini di Utilizzo (&#8220;Termini&#8221;) regolano il tuo accesso e utilizzo dell&#8217;App fornita dal team <strong>HexaTetra<\/strong> (&#8220;noi&#8221;).<\/p>\n\n\n\n<p>Utilizzando questa App, accetti questi Termini. Se non sei d&#8217;accordo, ti preghiamo di non utilizzare l&#8217;App.<\/p>\n\n\n\n<hr class=\"wp-block-separator has-alpha-channel-opacity\"\/>\n\n\n\n<h3 class=\"wp-block-heading\">1. Utilizzo dell&#8217;App<\/h3>\n\n\n\n<ul class=\"wp-block-list\">\n<li>L&#8217;App \u00e8 destinata esclusivamente ad uso personale e non commerciale.<\/li>\n\n\n\n<li>Accetti di non abusare dell&#8217;App o di tentare di accedervi in modo non autorizzato.<\/li>\n<\/ul>\n\n\n\n<hr class=\"wp-block-separator has-alpha-channel-opacity\"\/>\n\n\n\n<h3 class=\"wp-block-heading\">2. Acquisti in-App<\/h3>\n\n\n\n<ul class=\"wp-block-list\">\n<li>L&#8217;App offre un acquisto in-app opzionale: <strong>&#8220;Rimuovi Pubblicit\u00e0&#8221;<\/strong>.<\/li>\n\n\n\n<li>Questo acquisto \u00e8 un <strong>pagamento una tantum<\/strong> che rimuove permanentemente la pubblicit\u00e0 dalla tua esperienza di gioco.<\/li>\n\n\n\n<li>I pagamenti sono gestiti tramite l&#8217;App Store e sono soggetti ai suoi termini e condizioni.<\/li>\n\n\n\n<li>Non raccogliamo n\u00e9 archiviamo alcuna informazione di pagamento.<\/li>\n<\/ul>\n\n\n\n<hr class=\"wp-block-separator has-alpha-channel-opacity\"\/>\n\n\n\n<h3 class=\"wp-block-heading\">3. Propriet\u00e0 Intellettuale<\/h3>\n\n\n\n<ul class=\"wp-block-list\">\n<li>Tutti i grafici, il codice e i contenuti nell&#8217;App sono propriet\u00e0 di Hexatetra.<\/li>\n\n\n\n<li>Non puoi copiare, modificare, distribuire o eseguire il reverse engineering di alcuna parte dell&#8217;App.<\/li>\n<\/ul>\n\n\n\n<hr class=\"wp-block-separator has-alpha-channel-opacity\"\/>\n\n\n\n<h3 class=\"wp-block-heading\">4. Dati Utente<\/h3>\n\n\n\n<ul class=\"wp-block-list\">\n<li>Non raccogliamo dati personalmente identificabili.<\/li>\n\n\n\n<li>Per maggiori informazioni, ti preghiamo di rivedere la nostra <a href=\"https:\/\/hexatetra.com\/?page_id=3\">Informativa sulla Privacy<\/a>.<\/li>\n<\/ul>\n\n\n\n<hr class=\"wp-block-separator has-alpha-channel-opacity\"\/>\n\n\n\n<h3 class=\"wp-block-heading\">5. Esclusione di Responsabilit\u00e0<\/h3>\n\n\n\n<ul class=\"wp-block-list\">\n<li>L&#8217;App \u00e8 fornita &#8220;cos\u00ec com&#8217;\u00e8&#8221; senza garanzie di alcun tipo.<\/li>\n\n\n\n<li>Non siamo responsabili per eventuali problemi, danni o perdite derivanti dall&#8217;utilizzo dell&#8217;App.<\/li>\n<\/ul>\n\n\n\n<hr class=\"wp-block-separator has-alpha-channel-opacity\"\/>\n\n\n\n<h3 class=\"wp-block-heading\">6. Modifiche a questi Termini<\/h3>\n\n\n\n<ul class=\"wp-block-list\">\n<li>Potremmo aggiornare questi Termini di volta in volta. L&#8217;uso continuato dell&#8217;App dopo le modifiche significa che accetti i Termini revisionati.<\/li>\n<\/ul>\n","protected":false},"excerpt":{"rendered":"<p>Data di efficacia: 20 aprile 2025 Grazie per aver giocato a HexaTetra (l&#8217;&#8221;App&#8221;). Questi Termini di Utilizzo (&#8220;Termini&#8221;) regolano il tuo accesso e utilizzo dell&#8217;App fornita dal team HexaTetra (&#8220;noi&#8221;). Utilizzando questa App, accetti questi Termini. Se non sei d&#8217;accordo, ti preghiamo di non utilizzare l&#8217;App. 1. Utilizzo dell&#8217;App 2. Acquisti in-App 3. Propriet\u00e0 Intellettuale &hellip; <\/p>\n<p class=\"link-more\"><a href=\"https:\/\/hexatetra.com\/it\/terms-of-use\/\" class=\"more-link\">Continue reading<span class=\"screen-reader-text\"> &#8220;Termini di Utilizzo&#8221;<\/span><\/a><\/p>\n","protected":false},"author":1,"featured_media":0,"parent":0,"menu_order":0,"comment_status":"closed","ping_status":"closed","template":"","meta":{"slim_seo":{"title":"{:en}Terms of use{:}{:es}T\u00e9rminos de Uso{:}{:de}Nutzungsbedingungen{:}{:fr}Conditions d'utilisation{:}{:ru}\u0423\u0441\u043b\u043e\u0432\u0438\u044f \u0438\u0441\u043f\u043e\u043b\u044c\u0437\u043e\u0432\u0430\u043d\u0438\u044f{:}{:ja}\u5229\u7528\u898f\u7d04{:}{:ko}\uc774\uc6a9 \uc57d\uad00{:}{:it}Termini di Utilizzo{:}{:pt}Termos de Utiliza\u00e7\u00e3o{:}{:br}Termos de Uso{:}{:zh}\u4f7f\u7528\u6761\u6b3e{:} - HexaTetra","description":"{:en} Effective Date: 2025-04-20 Thank you for playing HexaTetra (the \u201cApp\u201d). These Terms of Use (\u201cTerms\u201d) govern your access to and use of the App provided by"},"footnotes":""},"class_list":["post-18","page","type-page","status-publish","hentry"],"translation":{"provider":"WPGlobus","version":"3.0.2","language":"it","enabled_languages":["en","es","de","fr","ru","ja","ko","it","pt","br","zh"],"languages":{"en":{"title":true,"content":true,"excerpt":false},"es":{"title":true,"content":true,"excerpt":false},"de":{"title":true,"content":true,"excerpt":false},"fr":{"title":true,"content":true,"excerpt":false},"ru":{"title":true,"content":true,"excerpt":false},"ja":{"title":true,"content":true,"excerpt":false},"ko":{"title":true,"content":true,"excerpt":false},"it":{"title":true,"content":true,"excerpt":false},"pt":{"title":true,"content":true,"excerpt":false},"br":{"title":true,"content":true,"excerpt":false},"zh":{"title":true,"content":true,"excerpt":false}}},"brizy_media":[],"_links":{"self":[{"href":"https:\/\/hexatetra.com\/it\/wp-json\/wp\/v2\/pages\/18","targetHints":{"allow":["GET"]}}],"collection":[{"href":"https:\/\/hexatetra.com\/it\/wp-json\/wp\/v2\/pages"}],"about":[{"href":"https:\/\/hexatetra.com\/it\/wp-json\/wp\/v2\/types\/page"}],"author":[{"embeddable":true,"href":"https:\/\/hexatetra.com\/it\/wp-json\/wp\/v2\/users\/1"}],"replies":[{"embeddable":true,"href":"https:\/\/hexatetra.com\/it\/wp-json\/wp\/v2\/comments?post=18"}],"version-history":[{"count":5,"href":"https:\/\/hexatetra.com\/it\/wp-json\/wp\/v2\/pages\/18\/revisions"}],"predecessor-version":[{"id":150,"href":"https:\/\/hexatetra.com\/it\/wp-json\/wp\/v2\/pages\/18\/revisions\/150"}],"wp:attachment":[{"href":"https:\/\/hexatetra.com\/it\/wp-json\/wp\/v2\/media?parent=18"}],"curies":[{"name":"wp","href":"https:\/\/api.w.org\/{rel}","templated":true}]}}