{"id":2,"date":"2025-04-20T14:18:42","date_gmt":"2025-04-20T14:18:42","guid":{"rendered":"https:\/\/hexatetra.com\/?page_id=2"},"modified":"2025-10-22T10:00:07","modified_gmt":"2025-10-22T10:00:07","slug":"sample-page","status":"publish","type":"page","link":"https:\/\/hexatetra.com\/pt\/","title":{"rendered":"HexaTetra"},"content":{"rendered":"\n<p>Sobre HexaTetra<\/p>\n\n\n\n<p><strong>HexaTetra<\/strong> \u00e9 uma vers\u00e3o moderna da f\u00f3rmula cl\u00e1ssica de jogos de blocos \u2014 mas com um toque <strong>hexagonal<\/strong>.<\/p>\n\n\n\n<p>Em vez dos blocos quadrados habituais, HexaTetra desafia voc\u00ea com <strong>blocos em forma de hex\u00e1gono<\/strong> que caem em padr\u00f5es novos e emocionantes. \u00c9 familiar e intuitivo, mas ao mesmo tempo refrescantemente diferente. O layout \u00fanico do tabuleiro e as formas dos blocos adicionam uma nova camada de estrat\u00e9gia e criatividade a cada movimento.<\/p>\n\n\n\n<h3 class=\"wp-block-heading\">Recursos:<\/h3>\n\n\n\n<ul class=\"wp-block-list\">\n<li>Uma nova abordagem do cl\u00e1ssico jogo de blocos<\/li>\n\n\n\n<li>Design minimalista e elegante com anima\u00e7\u00f5es suaves<\/li>\n\n\n\n<li>Mec\u00e2nicas f\u00e1ceis de aprender, dif\u00edceis de dominar<\/li>\n\n\n\n<li><strong>Experi\u00eancia sem an\u00fancios dispon\u00edvel com uma \u00fanica compra<\/strong><\/li>\n<\/ul>\n\n\n\n<p>Quer voc\u00ea queira relaxar com um quebra-cabe\u00e7a casual ou desafiar seu c\u00e9rebro com posicionamentos inteligentes, <strong>HexaTetra<\/strong> \u00e9 o jogo perfeito para todas as idades, pronto para jogar a qualquer momento.<\/p>\n\n\n\n<p><\/p>\n\n\n\n<p>Fique \u00e0 vontade para nos contatar em support@hexatetra.com<\/p>\n\n\n<div class=\"brz-root__container\"><\/div>\n\n\n<figure class=\"wp-block-video\"><video height=\"1920\" style=\"aspect-ratio: 886 \/ 1920;\" width=\"886\" autoplay loop muted preload=\"auto\" src=\"https:\/\/hexatetra.com\/wp-content\/uploads\/2025\/10\/output_final.mp4\"><\/video><\/figure>\n","protected":false},"excerpt":{"rendered":"<p>Sobre HexaTetra HexaTetra \u00e9 uma vers\u00e3o moderna da f\u00f3rmula cl\u00e1ssica de jogos de blocos \u2014 mas com um toque hexagonal. Em vez dos blocos quadrados habituais, HexaTetra desafia voc\u00ea com blocos em forma de hex\u00e1gono que caem em padr\u00f5es novos e emocionantes. \u00c9 familiar e intuitivo, mas ao mesmo tempo refrescantemente diferente. O layout \u00fanico &hellip; <\/p>\n<p class=\"link-more\"><a href=\"https:\/\/hexatetra.com\/pt\/\" class=\"more-link\">Continue reading<span class=\"screen-reader-text\"> &#8220;HexaTetra&#8221;<\/span><\/a><\/p>\n","protected":false},"author":1,"featured_media":0,"parent":0,"menu_order":0,"comment_status":"closed","ping_status":"open","template":"brizy-blank-template.php","meta":{"slim_seo":{"title":"HexaTetra - Jogo de blocos com formas hexagonais","description":"{:en} About HexaTetra HexaTetra is a modern twist on the classic brick game formula \u2014 but with a hexagonal spin. Instead of the usual square blocks, HexaTetra c"},"footnotes":""},"class_list":["post-2","page","type-page","status-publish","hentry"],"translation":{"provider":"WPGlobus","version":"3.0.2","language":"pt","enabled_languages":["en","es","de","fr","ru","ja","ko","it","pt","br","zh"],"languages":{"en":{"title":true,"content":true,"excerpt":false},"es":{"title":true,"content":true,"excerpt":false},"de":{"title":true,"content":true,"excerpt":false},"fr":{"title":true,"content":true,"excerpt":false},"ru":{"title":true,"content":true,"excerpt":false},"ja":{"title":true,"content":true,"excerpt":false},"ko":{"title":true,"content":true,"excerpt":false},"it":{"title":true,"content":true,"excerpt":false},"pt":{"title":true,"content":true,"excerpt":false},"br":{"title":true,"content":true,"excerpt":false},"zh":{"title":true,"content":true,"excerpt":false}}},"brizy_media":[],"_links":{"self":[{"href":"https:\/\/hexatetra.com\/pt\/wp-json\/wp\/v2\/pages\/2","targetHints":{"allow":["GET"]}}],"collection":[{"href":"https:\/\/hexatetra.com\/pt\/wp-json\/wp\/v2\/pages"}],"about":[{"href":"https:\/\/hexatetra.com\/pt\/wp-json\/wp\/v2\/types\/page"}],"author":[{"embeddable":true,"href":"https:\/\/hexatetra.com\/pt\/wp-json\/wp\/v2\/users\/1"}],"replies":[{"embeddable":true,"href":"https:\/\/hexatetra.com\/pt\/wp-json\/wp\/v2\/comments?post=2"}],"version-history":[{"count":5,"href":"https:\/\/hexatetra.com\/pt\/wp-json\/wp\/v2\/pages\/2\/revisions"}],"predecessor-version":[{"id":102,"href":"https:\/\/hexatetra.com\/pt\/wp-json\/wp\/v2\/pages\/2\/revisions\/102"}],"wp:attachment":[{"href":"https:\/\/hexatetra.com\/pt\/wp-json\/wp\/v2\/media?parent=2"}],"curies":[{"name":"wp","href":"https:\/\/api.w.org\/{rel}","templated":true}]}}