{"id":3,"date":"2025-04-20T14:18:42","date_gmt":"2025-04-20T14:18:42","guid":{"rendered":"https:\/\/hexatetra.com\/?page_id=3"},"modified":"2025-10-22T10:24:03","modified_gmt":"2025-10-22T10:24:03","slug":"privacy-policy","status":"publish","type":"page","link":"https:\/\/hexatetra.com\/pt\/privacy-policy\/","title":{"rendered":"Pol\u00edtica de Privacidade"},"content":{"rendered":"\n<h2 class=\"wp-block-heading\">Quem somos<\/h2>\n\n\n\n<p>O nosso endere\u00e7o de website \u00e9: https:\/\/hexatetra.com.<\/p>\n\n\n\n<h2 class=\"wp-block-heading\"><strong>Pol\u00edtica de Privacidade<\/strong><\/h2>\n\n\n\n<p>A HexaTetra construiu a aplica\u00e7\u00e3o HexaTetra como uma aplica\u00e7\u00e3o comercial. Este SERVI\u00c7O \u00e9 fornecido pela HexaTetra e destina-se a ser utilizado tal como est\u00e1.<\/p>\n\n\n\n<p>Esta p\u00e1gina \u00e9 utilizada para informar os visitantes sobre as nossas pol\u00edticas relativas \u00e0 recolha, utiliza\u00e7\u00e3o e divulga\u00e7\u00e3o de Informa\u00e7\u00f5es Pessoais, caso algu\u00e9m decida utilizar o nosso Servi\u00e7o.<\/p>\n\n\n\n<p>Se optar por utilizar o nosso Servi\u00e7o, concorda com a recolha e utiliza\u00e7\u00e3o de informa\u00e7\u00f5es em rela\u00e7\u00e3o a esta pol\u00edtica. As Informa\u00e7\u00f5es Pessoais que recolhemos s\u00e3o utilizadas para fornecer e melhorar o Servi\u00e7o. N\u00e3o utilizaremos nem partilharemos as suas informa\u00e7\u00f5es com ningu\u00e9m, exceto conforme descrito nesta Pol\u00edtica de Privacidade.<\/p>\n\n\n\n<p>Os termos utilizados nesta Pol\u00edtica de Privacidade t\u00eam os mesmos significados que nos nossos Termos e Condi\u00e7\u00f5es, que est\u00e3o acess\u00edveis na HexaTetra, salvo defini\u00e7\u00e3o em contr\u00e1rio nesta Pol\u00edtica de Privacidade.<\/p>\n\n\n\n<p><strong>Recolha e Utiliza\u00e7\u00e3o de Informa\u00e7\u00f5es<\/strong><\/p>\n\n\n\n<p>Para uma melhor experi\u00eancia, ao utilizar o nosso Servi\u00e7o, podemos exigir que nos forne\u00e7a certas informa\u00e7\u00f5es de identifica\u00e7\u00e3o pessoal, incluindo, mas n\u00e3o se limitando a, o acesso ao ID do dispositivo para anunciantes. As informa\u00e7\u00f5es que solicitamos ser\u00e3o retidas por n\u00f3s e utilizadas conforme descrito nesta pol\u00edtica de privacidade.<\/p>\n\n\n\n<p>A aplica\u00e7\u00e3o n\u00e3o utiliza servi\u00e7os de terceiros que possam recolher informa\u00e7\u00f5es utilizadas para o identificar.<\/p>\n\n\n\n<ul class=\"wp-block-list\">\n<li><a href=\"https:\/\/www.google.com\/policies\/privacy\/\" target=\"_blank\" rel=\"noreferrer noopener\">Servi\u00e7os do Google Play<\/a><\/li>\n\n\n\n<li>Apple App Store<\/li>\n<\/ul>\n\n\n\n<p><strong>Dados de Registo<\/strong><\/p>\n\n\n\n<p>Queremos inform\u00e1-lo de que, sempre que utiliza o nosso Servi\u00e7o, em caso de erro na aplica\u00e7\u00e3o, recolhemos dados e informa\u00e7\u00f5es (atrav\u00e9s de produtos de terceiros) no seu telefone, denominados Dados de Registo. Estes Dados de Registo podem incluir informa\u00e7\u00f5es como o endere\u00e7o de Protocolo de Internet (&#8220;IP&#8221;) do seu dispositivo, nome do dispositivo, vers\u00e3o do sistema operativo, a configura\u00e7\u00e3o da aplica\u00e7\u00e3o ao utilizar o nosso Servi\u00e7o, a hora e data da sua utiliza\u00e7\u00e3o do Servi\u00e7o e outras estat\u00edsticas.<\/p>\n\n\n\n<p><strong>Cookies<\/strong><\/p>\n\n\n\n<p>Os cookies s\u00e3o ficheiros com uma pequena quantidade de dados que s\u00e3o comumente utilizados como identificadores \u00fanicos an\u00f3nimos. Estes s\u00e3o enviados para o seu browser a partir dos websites que visita e s\u00e3o armazenados na mem\u00f3ria interna do seu dispositivo.<\/p>\n\n\n\n<p>Este Servi\u00e7o n\u00e3o utiliza explicitamente estes &#8220;cookies&#8221;. No entanto, a aplica\u00e7\u00e3o pode utilizar c\u00f3digo e bibliotecas de terceiros que utilizam &#8220;cookies&#8221; para recolher informa\u00e7\u00f5es e melhorar os seus servi\u00e7os. Tem a op\u00e7\u00e3o de aceitar ou recusar estes cookies e saber quando um cookie est\u00e1 a ser enviado para o seu dispositivo. Se optar por recusar os nossos cookies, poder\u00e1 n\u00e3o conseguir utilizar algumas partes deste Servi\u00e7o.<\/p>\n\n\n\n<p><strong>Prestadores de Servi\u00e7os<\/strong><\/p>\n\n\n\n<p>Podemos empregar empresas e indiv\u00edduos terceiros devido \u00e0s seguintes raz\u00f5es:<\/p>\n\n\n\n<ul class=\"wp-block-list\">\n<li>Para facilitar o nosso Servi\u00e7o;<\/li>\n\n\n\n<li>Para prestar o Servi\u00e7o em nosso nome;<\/li>\n\n\n\n<li>Para realizar servi\u00e7os relacionados com o Servi\u00e7o; ou<\/li>\n\n\n\n<li>Para nos auxiliar a analisar como o nosso Servi\u00e7o \u00e9 utilizado.<\/li>\n<\/ul>\n\n\n\n<p>Queremos informar os utilizadores deste Servi\u00e7o de que estes terceiros t\u00eam acesso \u00e0s suas Informa\u00e7\u00f5es Pessoais. O motivo \u00e9 realizar as tarefas atribu\u00eddas a eles em nosso nome. No entanto, est\u00e3o obrigados a n\u00e3o divulgar ou utilizar a informa\u00e7\u00e3o para qualquer outro prop\u00f3sito.<\/p>\n\n\n\n<p><strong>Seguran\u00e7a<\/strong><\/p>\n\n\n\n<p>Valorizamos a sua confian\u00e7a em fornecer-nos as suas Informa\u00e7\u00f5es Pessoais, pelo que nos esfor\u00e7amos por utilizar meios comercialmente aceit\u00e1veis para as proteger. Mas lembre-se de que nenhum m\u00e9todo de transmiss\u00e3o pela internet ou m\u00e9todo de armazenamento eletr\u00f3nico \u00e9 100% seguro e fi\u00e1vel, e n\u00e3o podemos garantir a sua seguran\u00e7a absoluta.<\/p>\n\n\n\n<p><strong>Links para Outros Sites<\/strong><\/p>\n\n\n\n<p>Este Servi\u00e7o pode conter links para outros sites. Se clicar num link de terceiros, ser\u00e1 direcionado para esse site. Note que estes sites externos n\u00e3o s\u00e3o operados por n\u00f3s. Por conseguinte, aconselhamos vivamente a rever a Pol\u00edtica de Privacidade destes websites. N\u00e3o temos controlo sobre e n\u00e3o assumimos qualquer responsabilidade pelo conte\u00fado, pol\u00edticas de privacidade ou pr\u00e1ticas de quaisquer sites ou servi\u00e7os de terceiros.<\/p>\n\n\n\n<p><strong>Privacidade das Crian\u00e7as<\/strong><\/p>\n\n\n\n<p>Estes Servi\u00e7os n\u00e3o se dirigem a ningu\u00e9m com menos de 13 anos. N\u00e3o recolhemos intencionalmente informa\u00e7\u00f5es de identifica\u00e7\u00e3o pessoal de crian\u00e7as com menos de 13 anos. No caso de descobrirmos que uma crian\u00e7a com menos de 13 anos nos forneceu informa\u00e7\u00f5es pessoais, eliminamo-las imediatamente dos nossos servidores. Se \u00e9 pai\/m\u00e3e ou tutor e tem conhecimento que o seu filho nos forneceu informa\u00e7\u00f5es pessoais, contacte-nos para que possamos realizar as a\u00e7\u00f5es necess\u00e1rias.<\/p>\n\n\n\n<p><strong>Altera\u00e7\u00f5es a esta Pol\u00edtica de Privacidade<\/strong><\/p>\n\n\n\n<p>Podemos atualizar a nossa Pol\u00edtica de Privacidade de tempos a tempos. Assim, \u00e9 aconselh\u00e1vel rever esta p\u00e1gina periodicamente para quaisquer altera\u00e7\u00f5es. Iremos notific\u00e1-lo sobre quaisquer altera\u00e7\u00f5es, publicando a nova Pol\u00edtica de Privacidade nesta p\u00e1gina.<\/p>\n\n\n\n<p>Esta pol\u00edtica \u00e9 efetiva a partir de 20 de abril de 2025<\/p>\n\n\n\n<p><strong>Contacte-Nos<\/strong><\/p>\n\n\n\n<p>Se tiver quaisquer quest\u00f5es ou sugest\u00f5es sobre a nossa Pol\u00edtica de Privacidade, n\u00e3o hesite em contactar-nos em support@hexatetra.com<\/p>\n\n\n\n<p><\/p>\n","protected":false},"excerpt":{"rendered":"<p>Quem somos O nosso endere\u00e7o de website \u00e9: https:\/\/hexatetra.com. Pol\u00edtica de Privacidade A HexaTetra construiu a aplica\u00e7\u00e3o HexaTetra como uma aplica\u00e7\u00e3o comercial. Este SERVI\u00c7O \u00e9 fornecido pela HexaTetra e destina-se a ser utilizado tal como est\u00e1. Esta p\u00e1gina \u00e9 utilizada para informar os visitantes sobre as nossas pol\u00edticas relativas \u00e0 recolha, utiliza\u00e7\u00e3o e divulga\u00e7\u00e3o de &hellip; <\/p>\n<p class=\"link-more\"><a href=\"https:\/\/hexatetra.com\/pt\/privacy-policy\/\" class=\"more-link\">Continue reading<span class=\"screen-reader-text\"> &#8220;Pol\u00edtica de Privacidade&#8221;<\/span><\/a><\/p>\n","protected":false},"author":1,"featured_media":0,"parent":0,"menu_order":0,"comment_status":"closed","ping_status":"open","template":"","meta":{"slim_seo":{"title":"{:en}Privacy Policy{:}{:es}Pol\u00edtica de privacidad{:}{:de}Datenschutzrichtlinie{:}{:fr}Politique de confidentialit\u00e9{:}{:ru}\u041f\u043e\u043b\u0438\u0442\u0438\u043a\u0430 \u043a\u043e\u043d\u0444\u0438\u0434\u0435\u043d\u0446\u0438\u0430\u043b\u044c\u043d\u043e\u0441\u0442\u0438{:}{:ja}\u30d7\u30e9\u30a4\u30d0\u30b7\u30fc\u30dd\u30ea\u30b7\u30fc{:}{:ko}\uac1c\uc778\uc815\ubcf4 \ucc98\ub9ac\ubc29\uce68{:}{:it}Informativa sulla privacy{:}{:pt}Pol\u00edtica de Privacidade{:}{:br}Pol\u00edtica de Privacidade{:}{:zh}\u9690\u79c1\u653f\u7b56{:} - HexaTetra","description":"{:en} Who we are Our website address is: https:\/\/hexatetra.com. Privacy Policy HexaTetra built the HexaTetra app as a Commercial app. This SERVICE is provided b"},"footnotes":""},"class_list":["post-3","page","type-page","status-publish","hentry"],"translation":{"provider":"WPGlobus","version":"3.0.2","language":"pt","enabled_languages":["en","es","de","fr","ru","ja","ko","it","pt","br","zh"],"languages":{"en":{"title":true,"content":true,"excerpt":false},"es":{"title":true,"content":true,"excerpt":false},"de":{"title":true,"content":true,"excerpt":false},"fr":{"title":true,"content":true,"excerpt":false},"ru":{"title":true,"content":true,"excerpt":false},"ja":{"title":true,"content":true,"excerpt":false},"ko":{"title":true,"content":true,"excerpt":false},"it":{"title":true,"content":true,"excerpt":false},"pt":{"title":true,"content":true,"excerpt":false},"br":{"title":true,"content":true,"excerpt":false},"zh":{"title":true,"content":true,"excerpt":false}}},"brizy_media":[],"_links":{"self":[{"href":"https:\/\/hexatetra.com\/pt\/wp-json\/wp\/v2\/pages\/3","targetHints":{"allow":["GET"]}}],"collection":[{"href":"https:\/\/hexatetra.com\/pt\/wp-json\/wp\/v2\/pages"}],"about":[{"href":"https:\/\/hexatetra.com\/pt\/wp-json\/wp\/v2\/types\/page"}],"author":[{"embeddable":true,"href":"https:\/\/hexatetra.com\/pt\/wp-json\/wp\/v2\/users\/1"}],"replies":[{"embeddable":true,"href":"https:\/\/hexatetra.com\/pt\/wp-json\/wp\/v2\/comments?post=3"}],"version-history":[{"count":5,"href":"https:\/\/hexatetra.com\/pt\/wp-json\/wp\/v2\/pages\/3\/revisions"}],"predecessor-version":[{"id":113,"href":"https:\/\/hexatetra.com\/pt\/wp-json\/wp\/v2\/pages\/3\/revisions\/113"}],"wp:attachment":[{"href":"https:\/\/hexatetra.com\/pt\/wp-json\/wp\/v2\/media?parent=3"}],"curies":[{"name":"wp","href":"https:\/\/api.w.org\/{rel}","templated":true}]}}