{"id":3,"date":"2025-04-20T14:18:42","date_gmt":"2025-04-20T14:18:42","guid":{"rendered":"https:\/\/hexatetra.com\/?page_id=3"},"modified":"2025-10-22T10:24:03","modified_gmt":"2025-10-22T10:24:03","slug":"privacy-policy","status":"publish","type":"page","link":"https:\/\/hexatetra.com\/web\/br\/privacy-policy\/","title":{"rendered":"Pol\u00edtica de Privacidade"},"content":{"rendered":"\n<h2 class=\"wp-block-heading\">Quem somos<\/h2>\n\n\n\n<p>Nosso endere\u00e7o de website \u00e9: https:\/\/hexatetra.com.<\/p>\n\n\n\n<h2 class=\"wp-block-heading\"><strong>Pol\u00edtica de Privacidade<\/strong><\/h2>\n\n\n\n<p>A HexaTetra desenvolveu o aplicativo HexaTetra como um aplicativo comercial. Este SERVI\u00c7O \u00e9 fornecido pela HexaTetra e se destina a ser usado como est\u00e1.<\/p>\n\n\n\n<p>Esta p\u00e1gina \u00e9 usada para informar os visitantes sobre nossas pol\u00edticas relativas \u00e0 coleta, uso e divulga\u00e7\u00e3o de Informa\u00e7\u00f5es Pessoais, caso algu\u00e9m decida usar nosso Servi\u00e7o.<\/p>\n\n\n\n<p>Se voc\u00ea optar por usar nosso Servi\u00e7o, concorda com a coleta e uso de informa\u00e7\u00f5es em rela\u00e7\u00e3o a esta pol\u00edtica. As Informa\u00e7\u00f5es Pessoais que coletamos s\u00e3o usadas para fornecer e melhorar o Servi\u00e7o. N\u00e3o usaremos ou compartilharemos suas informa\u00e7\u00f5es com ningu\u00e9m, exceto conforme descrito nesta Pol\u00edtica de Privacidade.<\/p>\n\n\n\n<p>Os termos usados nesta Pol\u00edtica de Privacidade t\u00eam os mesmos significados que em nossos Termos e Condi\u00e7\u00f5es, que est\u00e3o acess\u00edveis na HexaTetra, a menos que definido de outra forma nesta Pol\u00edtica de Privacidade.<\/p>\n\n\n\n<p><strong>Coleta e Uso de Informa\u00e7\u00f5es<\/strong><\/p>\n\n\n\n<p>Para uma melhor experi\u00eancia, ao usar nosso Servi\u00e7o, podemos exigir que voc\u00ea nos forne\u00e7a certas informa\u00e7\u00f5es de identifica\u00e7\u00e3o pessoal, incluindo, mas n\u00e3o se limitando a, acesso ao ID do dispositivo para anunciantes. As informa\u00e7\u00f5es que solicitamos ser\u00e3o retidas por n\u00f3s e usadas conforme descrito nesta pol\u00edtica de privacidade.<\/p>\n\n\n\n<p>O aplicativo n\u00e3o usa servi\u00e7os de terceiros que possam coletar informa\u00e7\u00f5es usadas para identific\u00e1-lo.<\/p>\n\n\n\n<ul class=\"wp-block-list\">\n<li><a href=\"https:\/\/www.google.com\/policies\/privacy\/\" target=\"_blank\" rel=\"noreferrer noopener\">Servi\u00e7os do Google Play<\/a><\/li>\n\n\n\n<li>Apple App Store<\/li>\n<\/ul>\n\n\n\n<p><strong>Dados de Log<\/strong><\/p>\n\n\n\n<p>Queremos informar que sempre que voc\u00ea usa nosso Servi\u00e7o, em caso de erro no aplicativo, coletamos dados e informa\u00e7\u00f5es (atrav\u00e9s de produtos de terceiros) em seu telefone chamados Dados de Log. Esses Dados de Log podem incluir informa\u00e7\u00f5es como endere\u00e7o de Protocolo de Internet (&#8220;IP&#8221;) do seu dispositivo, nome do dispositivo, vers\u00e3o do sistema operacional, a configura\u00e7\u00e3o do aplicativo ao utilizar nosso Servi\u00e7o, a hora e data de seu uso do Servi\u00e7o e outras estat\u00edsticas.<\/p>\n\n\n\n<p><strong>Cookies<\/strong><\/p>\n\n\n\n<p>Cookies s\u00e3o arquivos com uma pequena quantidade de dados que s\u00e3o comumente usados como identificadores \u00fanicos an\u00f4nimos. Eles s\u00e3o enviados para seu navegador a partir dos sites que voc\u00ea visita e s\u00e3o armazenados na mem\u00f3ria interna do seu dispositivo.<\/p>\n\n\n\n<p>Este Servi\u00e7o n\u00e3o usa esses &#8220;cookies&#8221; explicitamente. No entanto, o aplicativo pode usar c\u00f3digo e bibliotecas de terceiros que usam &#8220;cookies&#8221; para coletar informa\u00e7\u00f5es e melhorar seus servi\u00e7os. Voc\u00ea tem a op\u00e7\u00e3o de aceitar ou recusar esses cookies e saber quando um cookie est\u00e1 sendo enviado para seu dispositivo. Se voc\u00ea optar por recusar nossos cookies, talvez n\u00e3o consiga usar algumas partes deste Servi\u00e7o.<\/p>\n\n\n\n<p><strong>Provedores de Servi\u00e7o<\/strong><\/p>\n\n\n\n<p>Podemos empregar empresas e indiv\u00edduos terceiros devido \u00e0s seguintes raz\u00f5es:<\/p>\n\n\n\n<ul class=\"wp-block-list\">\n<li>Para facilitar nosso Servi\u00e7o;<\/li>\n\n\n\n<li>Para fornecer o Servi\u00e7o em nosso nome;<\/li>\n\n\n\n<li>Para realizar servi\u00e7os relacionados ao Servi\u00e7o; ou<\/li>\n\n\n\n<li>Para nos auxiliar a analisar como nosso Servi\u00e7o \u00e9 usado.<\/li>\n<\/ul>\n\n\n\n<p>Queremos informar os usu\u00e1rios deste Servi\u00e7o que esses terceiros t\u00eam acesso \u00e0s suas Informa\u00e7\u00f5es Pessoais. O motivo \u00e9 realizar as tarefas atribu\u00eddas a eles em nosso nome. No entanto, eles s\u00e3o obrigados a n\u00e3o divulgar ou usar as informa\u00e7\u00f5es para qualquer outra finalidade.<\/p>\n\n\n\n<p><strong>Seguran\u00e7a<\/strong><\/p>\n\n\n\n<p>Valorizamos sua confian\u00e7a em nos fornecer suas Informa\u00e7\u00f5es Pessoais, portanto, estamos nos esfor\u00e7ando para usar meios comercialmente aceit\u00e1veis de proteg\u00ea-las. Mas lembre-se de que nenhum m\u00e9todo de transmiss\u00e3o pela internet ou m\u00e9todo de armazenamento eletr\u00f4nico \u00e9 100% seguro e confi\u00e1vel, e n\u00e3o podemos garantir sua seguran\u00e7a absoluta.<\/p>\n\n\n\n<p><strong>Links para Outros Sites<\/strong><\/p>\n\n\n\n<p>Este Servi\u00e7o pode conter links para outros sites. Se voc\u00ea clicar em um link de terceiros, ser\u00e1 direcionado para esse site. Observe que esses sites externos n\u00e3o s\u00e3o operados por n\u00f3s. Portanto, aconselhamos vivamente que revise a Pol\u00edtica de Privacidade desses sites. N\u00e3o temos controle sobre e n\u00e3o assumimos qualquer responsabilidade pelo conte\u00fado, pol\u00edticas de privacidade ou pr\u00e1ticas de quaisquer sites ou servi\u00e7os de terceiros.<\/p>\n\n\n\n<p><strong>Privacidade Infantil<\/strong><\/p>\n\n\n\n<p>Estes Servi\u00e7os n\u00e3o se dirigem a ningu\u00e9m com menos de 13 anos. N\u00e3o coletamos intencionalmente informa\u00e7\u00f5es de identifica\u00e7\u00e3o pessoal de crian\u00e7as com menos de 13 anos. No caso de descobrirmos que uma crian\u00e7a com menos de 13 anos nos forneceu informa\u00e7\u00f5es pessoais, n\u00f3s as exclu\u00edmos imediatamente de nossos servidores. Se voc\u00ea \u00e9 pai\/m\u00e3e ou respons\u00e1vel e sabe que seu filho nos forneceu informa\u00e7\u00f5es pessoais, entre em contato conosco para que possamos realizar as a\u00e7\u00f5es necess\u00e1rias.<\/p>\n\n\n\n<p><strong>Altera\u00e7\u00f5es a esta Pol\u00edtica de Privacidade<\/strong><\/p>\n\n\n\n<p>Podemos atualizar nossa Pol\u00edtica de Privacidade de tempos em tempos. Portanto, recomendamos que voc\u00ea revise esta p\u00e1gina periodicamente para quaisquer altera\u00e7\u00f5es. Iremos notific\u00e1-lo sobre quaisquer altera\u00e7\u00f5es, publicando a nova Pol\u00edtica de Privacidade nesta p\u00e1gina.<\/p>\n\n\n\n<p>Esta pol\u00edtica \u00e9 efetiva a partir de 20 de abril de 2025<\/p>\n\n\n\n<p><strong>Contate-Nos<\/strong><\/p>\n\n\n\n<p>Se voc\u00ea tiver qualquer d\u00favida ou sugest\u00e3o sobre nossa Pol\u00edtica de Privacidade, n\u00e3o hesite em nos contatar em support@hexatetra.com<\/p>\n\n\n\n<p><\/p>\n","protected":false},"excerpt":{"rendered":"<p>Quem somos Nosso endere\u00e7o de website \u00e9: https:\/\/hexatetra.com. Pol\u00edtica de Privacidade A HexaTetra desenvolveu o aplicativo HexaTetra como um aplicativo comercial. Este SERVI\u00c7O \u00e9 fornecido pela HexaTetra e se destina a ser usado como est\u00e1. Esta p\u00e1gina \u00e9 usada para informar os visitantes sobre nossas pol\u00edticas relativas \u00e0 coleta, uso e divulga\u00e7\u00e3o de Informa\u00e7\u00f5es Pessoais, &hellip; <\/p>\n<p class=\"link-more\"><a href=\"https:\/\/hexatetra.com\/web\/br\/privacy-policy\/\" class=\"more-link\">Continue reading<span class=\"screen-reader-text\"> &#8220;Pol\u00edtica de Privacidade&#8221;<\/span><\/a><\/p>\n","protected":false},"author":1,"featured_media":0,"parent":0,"menu_order":0,"comment_status":"closed","ping_status":"open","template":"","meta":{"slim_seo":{"title":"{:en}Privacy Policy{:}{:es}Pol\u00edtica de privacidad{:}{:de}Datenschutzrichtlinie{:}{:fr}Politique de confidentialit\u00e9{:}{:ru}\u041f\u043e\u043b\u0438\u0442\u0438\u043a\u0430 \u043a\u043e\u043d\u0444\u0438\u0434\u0435\u043d\u0446\u0438\u0430\u043b\u044c\u043d\u043e\u0441\u0442\u0438{:}{:ja}\u30d7\u30e9\u30a4\u30d0\u30b7\u30fc\u30dd\u30ea\u30b7\u30fc{:}{:ko}\uac1c\uc778\uc815\ubcf4 \ucc98\ub9ac\ubc29\uce68{:}{:it}Informativa sulla privacy{:}{:pt}Pol\u00edtica de Privacidade{:}{:br}Pol\u00edtica de Privacidade{:}{:zh}\u9690\u79c1\u653f\u7b56{:} - HexaTetra","description":"{:en} Who we are Our website address is: https:\/\/hexatetra.com. Privacy Policy HexaTetra built the HexaTetra app as a Commercial app. This SERVICE is provided b"},"footnotes":""},"class_list":["post-3","page","type-page","status-publish","hentry"],"translation":{"provider":"WPGlobus","version":"3.0.2","language":"br","enabled_languages":["en","es","de","fr","ru","ja","ko","it","pt","br","zh"],"languages":{"en":{"title":true,"content":true,"excerpt":false},"es":{"title":true,"content":true,"excerpt":false},"de":{"title":true,"content":true,"excerpt":false},"fr":{"title":true,"content":true,"excerpt":false},"ru":{"title":true,"content":true,"excerpt":false},"ja":{"title":true,"content":true,"excerpt":false},"ko":{"title":true,"content":true,"excerpt":false},"it":{"title":true,"content":true,"excerpt":false},"pt":{"title":true,"content":true,"excerpt":false},"br":{"title":true,"content":true,"excerpt":false},"zh":{"title":true,"content":true,"excerpt":false}}},"brizy_media":[],"_links":{"self":[{"href":"https:\/\/hexatetra.com\/web\/br\/wp-json\/wp\/v2\/pages\/3","targetHints":{"allow":["GET"]}}],"collection":[{"href":"https:\/\/hexatetra.com\/web\/br\/wp-json\/wp\/v2\/pages"}],"about":[{"href":"https:\/\/hexatetra.com\/web\/br\/wp-json\/wp\/v2\/types\/page"}],"author":[{"embeddable":true,"href":"https:\/\/hexatetra.com\/web\/br\/wp-json\/wp\/v2\/users\/1"}],"replies":[{"embeddable":true,"href":"https:\/\/hexatetra.com\/web\/br\/wp-json\/wp\/v2\/comments?post=3"}],"version-history":[{"count":5,"href":"https:\/\/hexatetra.com\/web\/br\/wp-json\/wp\/v2\/pages\/3\/revisions"}],"predecessor-version":[{"id":113,"href":"https:\/\/hexatetra.com\/web\/br\/wp-json\/wp\/v2\/pages\/3\/revisions\/113"}],"wp:attachment":[{"href":"https:\/\/hexatetra.com\/web\/br\/wp-json\/wp\/v2\/media?parent=3"}],"curies":[{"name":"wp","href":"https:\/\/api.w.org\/{rel}","templated":true}]}}